{"id":1016,"date":"2015-11-06T13:14:44","date_gmt":"2015-11-06T11:14:44","guid":{"rendered":"http:\/\/usedom-forum.de\/wordpress\/?page_id=1016"},"modified":"2023-02-16T10:07:41","modified_gmt":"2023-02-16T08:07:41","slug":"fewo-in-ruhe","status":"publish","type":"page","link":"https:\/\/usedom-forum.de\/wordpress\/fewo-in-ruhe\/","title":{"rendered":"Fewo\u00b4s &#8222;In Ruhe&#8220;"},"content":{"rendered":"<p>&nbsp;<\/p>\n<p><img data-recalc-dims=\"1\" loading=\"lazy\" decoding=\"async\" class=\"alignnone size-full wp-image-1367\" src=\"https:\/\/i0.wp.com\/usedom-forum.de\/wordpress\/wp-content\/uploads\/2023\/02\/inruhe.png?resize=960%2C498\" alt=\"\" width=\"960\" height=\"498\" srcset=\"https:\/\/i0.wp.com\/usedom-forum.de\/wordpress\/wp-content\/uploads\/2023\/02\/inruhe.png?w=1558&amp;ssl=1 1558w, https:\/\/i0.wp.com\/usedom-forum.de\/wordpress\/wp-content\/uploads\/2023\/02\/inruhe.png?resize=300%2C156&amp;ssl=1 300w, https:\/\/i0.wp.com\/usedom-forum.de\/wordpress\/wp-content\/uploads\/2023\/02\/inruhe.png?resize=1024%2C531&amp;ssl=1 1024w, https:\/\/i0.wp.com\/usedom-forum.de\/wordpress\/wp-content\/uploads\/2023\/02\/inruhe.png?resize=768%2C398&amp;ssl=1 768w, https:\/\/i0.wp.com\/usedom-forum.de\/wordpress\/wp-content\/uploads\/2023\/02\/inruhe.png?resize=1536%2C797&amp;ssl=1 1536w, https:\/\/i0.wp.com\/usedom-forum.de\/wordpress\/wp-content\/uploads\/2023\/02\/inruhe.png?resize=1140%2C591&amp;ssl=1 1140w\" sizes=\"auto, (max-width: 960px) 100vw, 960px\" \/><\/p>\n<p style=\"text-align: justify;\">Der Lieper Winkel gilt als ein Kleinod, in dem das Leben noch etwas geruhsamer abl\u00e4uft. In dem Endmor\u00e4nengebiet hat Usedom seinen l\u00e4ndlichen Charme bewahrt. Wenige Kilometer von der Stadt Usedom entfernt zweigt von der B110 in Richtung Ahlbeck die Stra\u00dfe zum Lieper Winkel ab, einer Halbinsel, die im Westen vom Peenestrom und im Norden vom Achterwasser mit kleinen Sandbuchten begrenzt wird. Reusenfischerei, Landwirtschaft, einige wenige Gasth\u00f6fe und anstelle von Hotels, Ferienwohnungen f\u00fcr die G\u00e4ste, sichern eine sehr ruhige Urlaubsatmosph\u00e4re. Es ist an diesem stillen Ort leichter, zur Ruhe zu kommen, sich zu entspannen und aufzutanken. Auch wenn Sie mal wieder das Zwitschern von Spatzen, Staren und Schwalben genie\u00dfen oder Graureiher, Seeadler und St\u00f6rche beobachten wollen, sind Sie im Lieper Winkel genau richtig.<br \/>\nWarthe, im Lieper Winkel, ist ein vertr\u00e4umtes altes Fischerdorf im Lieper Winkel, das sich seinen urspr\u00fcnglichen Charme bewahrt hat. Die Gastronomie ist bekannt f\u00fcr ihren Fisch. Ein kleiner Laden sorgt f\u00fcr die notwendigen Lebensmittel. Gro\u00dfeink\u00e4ufe k\u00f6nnen im nahen Usedom get\u00e4tigt werden. Warthe ist umgeben vom Peenestrom und Achterwasser. Verschwiegene Badebuchten und die stille, unber\u00fchrte Landschaft sind ideal f\u00fcr alle, die Ruhe suchen. Naturliebhaber finden eine \u00fcppige Pflanzen- und Vogelwelt. Urlaub aktiv erleben k\u00f6nnen Sie z.B. mit Angeln, Segeln, Surfen, Reiten, Radfahren, Golfen. Die Gegend l\u00e4dt zu ausgiebigen Rad- und Wandertouren ein, bei denen man immer wieder an kleinen, schilfums\u00e4umten Buchten vorbei kommt, die zum Baden einladen.<\/p>\n<p>Schauen Sie mal rein:<\/p>\n<ul>\n<li style=\"text-align: justify;\"><a href=\"http:\/\/www.in-ruhe.de\/wordpress\/index.php\/peeneblick\/\">Ferienwohnung \u201cPeeneblick\u201d<\/a> in Warthe<\/li>\n<li style=\"text-align: justify;\"><a href=\"http:\/\/www.in-ruhe.de\/wordpress\/index.php\/am-achterwasser\/\">Ferienwohnung \u201cAm Achterwasser<\/a>\u201c in Warthe<\/li>\n<li style=\"text-align: justify;\"><a href=\"http:\/\/www.in-ruhe.de\/wordpress\/index.php\/wiesen-peene\/\">Separate Ferienwohnung \u201cWiesen-Peene\u201d<\/a> in Warthe<\/li>\n<li style=\"text-align: justify;\"><a href=\"http:\/\/www.in-ruhe.de\/wordpress\/index.php\/ferienhaus-else-in-quilitz\/\" target=\"_blank\" rel=\"noopener\">Ferienhaus &#8222;Else&#8220;<\/a> in Quilitz<\/li>\n<li style=\"text-align: justify;\"><a href=\"http:\/\/www.in-ruhe.de\/wordpress\/index.php\/wohnwagen-in-quilitz\/\" target=\"_blank\" rel=\"noopener\">Wohnwagen<\/a> in Quilitz<\/li>\n<\/ul>\n<p>____________________________________________<\/p>\n<p><strong>In Ruhe<br \/>\n<\/strong>Frau Jacqueline Wolff<br \/>\nAusbau 17<br \/>\n17406 Warthe \/ Insel Usedom<br \/>\nTel. : +49 38372 71774<br \/>\nHandy: +49 1705652651<br \/>\nE-Mail: fewo-wolff[at]web.de\u00a0 (Bitte kopieren Sie die Adresse und ersetzen das [at] durch ein @.)<br \/>\nWeb: <a href=\"http:\/\/www.in-ruhe.de\" target=\"_blank\" rel=\"noopener\">www.in-ruhe.de<\/a><\/p>\n","protected":false},"excerpt":{"rendered":"<p>&nbsp; Der Lieper Winkel gilt als ein Kleinod, in dem das Leben noch etwas geruhsamer abl\u00e4uft. In dem Endmor\u00e4nengebiet hat Usedom seinen l\u00e4ndlichen Charme bewahrt. Wenige Kilometer von der Stadt Usedom entfernt zweigt von der B110 in Richtung Ahlbeck die Stra\u00dfe zum Lieper Winkel ab, einer Halbinsel, die im Westen vom Peenestrom und im Norden vom Achterwasser mit kleinen Sandbuchten begrenzt wird. Reusenfischerei, Landwirtschaft, einige wenige Gasth\u00f6fe und anstelle von Hotels, Ferienwohnungen f\u00fcr die G\u00e4ste, sichern eine sehr ruhige Urlaubsatmosph\u00e4re. Es ist an diesem stillen Ort leichter, zur Ruhe zu kommen, sich zu entspannen und aufzutanken. Auch wenn Sie mal wieder das Zwitschern von Spatzen, Staren und Schwalben genie\u00dfen oder Graureiher, Seeadler und St\u00f6rche beobachten wollen, sind Sie im Lieper Winkel genau richtig. Warthe, im Lieper Winkel, ist ein vertr\u00e4umtes altes Fischerdorf im Lieper Winkel, das sich seinen urspr\u00fcnglichen Charme bewahrt hat. Die Gastronomie ist bekannt f\u00fcr ihren Fisch. Ein kleiner Laden sorgt f\u00fcr die notwendigen Lebensmittel. Gro\u00dfeink\u00e4ufe k\u00f6nnen im nahen Usedom get\u00e4tigt werden. Warthe ist umgeben vom Peenestrom und Achterwasser. Verschwiegene Badebuchten und die stille, unber\u00fchrte Landschaft sind ideal f\u00fcr alle, die Ruhe suchen. Naturliebhaber finden eine \u00fcppige Pflanzen- und Vogelwelt. Urlaub aktiv erleben k\u00f6nnen Sie z.B. mit Angeln, Segeln, Surfen, Reiten, Radfahren, Golfen. Die Gegend l\u00e4dt zu ausgiebigen Rad- und Wandertouren ein, bei denen man immer wieder an kleinen, schilfums\u00e4umten Buchten vorbei kommt, die zum Baden einladen. Schauen Sie mal rein: Ferienwohnung \u201cPeeneblick\u201d in Warthe Ferienwohnung \u201cAm Achterwasser\u201c in Warthe Separate Ferienwohnung \u201cWiesen-Peene\u201d in Warthe Ferienhaus &#8222;Else&#8220; in Quilitz Wohnwagen in Quilitz ____________________________________________ In Ruhe Frau Jacqueline Wolff Ausbau 17 17406 Warthe \/ Insel Usedom Tel. : +49 38372 71774 Handy: +49 1705652651 E-Mail: fewo-wolff[at]web.de\u00a0 (Bitte kopieren Sie die Adresse und ersetzen das [at] durch ein @.) Web: www.in-ruhe.de<\/p>\n","protected":false},"author":2,"featured_media":0,"parent":0,"menu_order":0,"comment_status":"closed","ping_status":"closed","template":"","meta":{"jetpack_post_was_ever_published":false,"footnotes":""},"class_list":["post-1016","page","type-page","status-publish","hentry"],"jetpack_sharing_enabled":false,"jetpack_shortlink":"https:\/\/wp.me\/P6zWqP-go","_links":{"self":[{"href":"https:\/\/usedom-forum.de\/wordpress\/wp-json\/wp\/v2\/pages\/1016","targetHints":{"allow":["GET"]}}],"collection":[{"href":"https:\/\/usedom-forum.de\/wordpress\/wp-json\/wp\/v2\/pages"}],"about":[{"href":"https:\/\/usedom-forum.de\/wordpress\/wp-json\/wp\/v2\/types\/page"}],"author":[{"embeddable":true,"href":"https:\/\/usedom-forum.de\/wordpress\/wp-json\/wp\/v2\/users\/2"}],"replies":[{"embeddable":true,"href":"https:\/\/usedom-forum.de\/wordpress\/wp-json\/wp\/v2\/comments?post=1016"}],"version-history":[{"count":5,"href":"https:\/\/usedom-forum.de\/wordpress\/wp-json\/wp\/v2\/pages\/1016\/revisions"}],"predecessor-version":[{"id":1368,"href":"https:\/\/usedom-forum.de\/wordpress\/wp-json\/wp\/v2\/pages\/1016\/revisions\/1368"}],"wp:attachment":[{"href":"https:\/\/usedom-forum.de\/wordpress\/wp-json\/wp\/v2\/media?parent=1016"}],"curies":[{"name":"wp","href":"https:\/\/api.w.org\/{rel}","templated":true}]}}