{"id":1206,"date":"2018-01-05T21:54:13","date_gmt":"2018-01-05T19:54:13","guid":{"rendered":"http:\/\/usedom-forum.de\/wordpress\/?page_id=1206"},"modified":"2018-05-22T19:30:20","modified_gmt":"2018-05-22T17:30:20","slug":"hagemann-gmbh","status":"publish","type":"page","link":"https:\/\/usedom-forum.de\/wordpress\/hagemann-gmbh\/","title":{"rendered":"Hagemann GmbH"},"content":{"rendered":"<p><img data-recalc-dims=\"1\" loading=\"lazy\" decoding=\"async\" class=\"alignnone wp-image-1204 size-full\" src=\"https:\/\/i0.wp.com\/usedom-forum.de\/wordpress\/wp-content\/uploads\/2018\/01\/Hagemann.jpg?resize=960%2C529\" alt=\"\" width=\"960\" height=\"529\" srcset=\"https:\/\/i0.wp.com\/usedom-forum.de\/wordpress\/wp-content\/uploads\/2018\/01\/Hagemann.jpg?w=1000&amp;ssl=1 1000w, https:\/\/i0.wp.com\/usedom-forum.de\/wordpress\/wp-content\/uploads\/2018\/01\/Hagemann.jpg?resize=300%2C165&amp;ssl=1 300w, https:\/\/i0.wp.com\/usedom-forum.de\/wordpress\/wp-content\/uploads\/2018\/01\/Hagemann.jpg?resize=768%2C423&amp;ssl=1 768w\" sizes=\"auto, (max-width: 960px) 100vw, 960px\" \/><\/p>\n<p>&nbsp;<\/p>\n<p class=\"bodytext\">Die Hagemann GmbH &#8211; Ihr Partner f\u00fcr Kernbohren, Wands\u00e4gen, Seils\u00e4gen, Abbruch und R\u00fcckbau.<\/p>\n<p class=\"bodytext\"><strong>Hagemann GmbH<\/strong><br \/>\nZum Herrenberg 2<br \/>\n17459 K\u00f6lpinsee<\/p>\n<p>Tel.: 038375 229777<br \/>\nFax: 038375 229778<br \/>\nE-Mail: info[at]hagemann-h.de\u00a0 (Bitte kopieren Sie die Adresse und ersetzen das [at] durch ein @.)<br \/>\nWeb: <a href=\"www.hagemann-h.de\" target=\"_blank\" rel=\"noopener\">www.hagemann-h.de<\/a><\/p>\n","protected":false},"excerpt":{"rendered":"<p>&nbsp; Die Hagemann GmbH &#8211; Ihr Partner f\u00fcr Kernbohren, Wands\u00e4gen, Seils\u00e4gen, Abbruch und R\u00fcckbau. Hagemann GmbH Zum Herrenberg 2 17459 K\u00f6lpinsee Tel.: 038375 229777 Fax: 038375 229778 E-Mail: info[at]hagemann-h.de\u00a0 (Bitte kopieren Sie die Adresse und ersetzen das [at] durch ein @.) Web: www.hagemann-h.de<\/p>\n","protected":false},"author":2,"featured_media":0,"parent":0,"menu_order":0,"comment_status":"closed","ping_status":"closed","template":"","meta":{"jetpack_post_was_ever_published":false,"footnotes":""},"class_list":["post-1206","page","type-page","status-publish","hentry"],"jetpack_sharing_enabled":false,"jetpack_shortlink":"https:\/\/wp.me\/P6zWqP-js","_links":{"self":[{"href":"https:\/\/usedom-forum.de\/wordpress\/wp-json\/wp\/v2\/pages\/1206","targetHints":{"allow":["GET"]}}],"collection":[{"href":"https:\/\/usedom-forum.de\/wordpress\/wp-json\/wp\/v2\/pages"}],"about":[{"href":"https:\/\/usedom-forum.de\/wordpress\/wp-json\/wp\/v2\/types\/page"}],"author":[{"embeddable":true,"href":"https:\/\/usedom-forum.de\/wordpress\/wp-json\/wp\/v2\/users\/2"}],"replies":[{"embeddable":true,"href":"https:\/\/usedom-forum.de\/wordpress\/wp-json\/wp\/v2\/comments?post=1206"}],"version-history":[{"count":2,"href":"https:\/\/usedom-forum.de\/wordpress\/wp-json\/wp\/v2\/pages\/1206\/revisions"}],"predecessor-version":[{"id":1242,"href":"https:\/\/usedom-forum.de\/wordpress\/wp-json\/wp\/v2\/pages\/1206\/revisions\/1242"}],"wp:attachment":[{"href":"https:\/\/usedom-forum.de\/wordpress\/wp-json\/wp\/v2\/media?parent=1206"}],"curies":[{"name":"wp","href":"https:\/\/api.w.org\/{rel}","templated":true}]}}