{"id":143,"date":"2015-10-21T11:00:34","date_gmt":"2015-10-21T09:00:34","guid":{"rendered":"http:\/\/usedom-forum.de\/wordpress\/?page_id=143"},"modified":"2015-10-21T15:11:35","modified_gmt":"2015-10-21T13:11:35","slug":"usedom-erleben","status":"publish","type":"page","link":"https:\/\/usedom-forum.de\/wordpress\/usedom-erleben\/","title":{"rendered":"USEDOM erleben &#8230;"},"content":{"rendered":"<p>&#8230; erleben Sie die Insel Usedom.<\/p>\n<p>&nbsp;<\/p>\n<blockquote><p><span style=\"color: #000000;\">Ob im Fr\u00fchjahr, wenn die Natur erwacht,<\/span><\/p>\n<p><span style=\"color: #000000;\"> ob im Sommer, wenn die Sonne lacht,<\/span><\/p>\n<p><span style=\"color: #000000;\"> ob im Herbst, wenn das Laub sich f\u00e4rbt,<\/span><\/p>\n<p><span style=\"color: #000000;\"> ob im Winter, wenn der Schnee f\u00e4llt.<\/span><\/p>\n<p>&nbsp;<\/p><\/blockquote>\n<p>Die Insel Usedom ist zu jeder Jahreszeit eine Reise wert!<\/p>\n<p>&nbsp;<\/p>\n<ul>\n<ul>\n<li style=\"text-align: left;\"><a href=\"http:\/\/usedom-forum.de\/wordpress\/wo-liegt-diese-insel\/\">Wo liegt diese Insel &#8230;<\/a><\/li>\n<\/ul>\n<\/ul>\n<ul>\n<ul>\n<li style=\"text-align: left;\"><a href=\"http:\/\/usedom-forum.de\/wordpress\/welche-ausflugsziele-gibt-es\/\">Welche Ausflugsziele gibt es &#8230;<\/a><\/li>\n<\/ul>\n<\/ul>\n<ul>\n<ul>\n<li style=\"text-align: left;\"><a href=\"http:\/\/usedom-forum.de\/wordpress\/sehenswertes-auf-usedom\/\">Sehenswertes auf Usedom &#8230;<\/a><\/li>\n<\/ul>\n<\/ul>\n<p>&nbsp;<\/p>\n<p style=\"text-align: left;\">\n","protected":false},"excerpt":{"rendered":"<p>&#8230; erleben Sie die Insel Usedom. &nbsp; Ob im Fr\u00fchjahr, wenn die Natur erwacht, ob im Sommer, wenn die Sonne lacht, ob im Herbst, wenn das Laub sich f\u00e4rbt, ob im Winter, wenn der Schnee f\u00e4llt. &nbsp; Die Insel Usedom ist zu jeder Jahreszeit eine Reise wert! &nbsp; Wo liegt diese Insel &#8230; Welche Ausflugsziele gibt es &#8230; Sehenswertes auf Usedom &#8230; &nbsp;<\/p>\n","protected":false},"author":2,"featured_media":0,"parent":0,"menu_order":0,"comment_status":"closed","ping_status":"closed","template":"","meta":{"jetpack_post_was_ever_published":false,"footnotes":""},"class_list":["post-143","page","type-page","status-publish","hentry"],"jetpack_sharing_enabled":false,"jetpack_shortlink":"https:\/\/wp.me\/P6zWqP-2j","_links":{"self":[{"href":"https:\/\/usedom-forum.de\/wordpress\/wp-json\/wp\/v2\/pages\/143","targetHints":{"allow":["GET"]}}],"collection":[{"href":"https:\/\/usedom-forum.de\/wordpress\/wp-json\/wp\/v2\/pages"}],"about":[{"href":"https:\/\/usedom-forum.de\/wordpress\/wp-json\/wp\/v2\/types\/page"}],"author":[{"embeddable":true,"href":"https:\/\/usedom-forum.de\/wordpress\/wp-json\/wp\/v2\/users\/2"}],"replies":[{"embeddable":true,"href":"https:\/\/usedom-forum.de\/wordpress\/wp-json\/wp\/v2\/comments?post=143"}],"version-history":[{"count":4,"href":"https:\/\/usedom-forum.de\/wordpress\/wp-json\/wp\/v2\/pages\/143\/revisions"}],"predecessor-version":[{"id":344,"href":"https:\/\/usedom-forum.de\/wordpress\/wp-json\/wp\/v2\/pages\/143\/revisions\/344"}],"wp:attachment":[{"href":"https:\/\/usedom-forum.de\/wordpress\/wp-json\/wp\/v2\/media?parent=143"}],"curies":[{"name":"wp","href":"https:\/\/api.w.org\/{rel}","templated":true}]}}