{"id":167,"date":"2015-10-21T11:00:46","date_gmt":"2015-10-21T09:00:46","guid":{"rendered":"http:\/\/usedom-forum.de\/wordpress\/?page_id=167"},"modified":"2015-10-26T21:59:21","modified_gmt":"2015-10-26T19:59:21","slug":"welche-ausflugsziele-gibt-es","status":"publish","type":"page","link":"https:\/\/usedom-forum.de\/wordpress\/welche-ausflugsziele-gibt-es\/","title":{"rendered":"Welche Ausflugsziele gibt es &#8230;"},"content":{"rendered":"<blockquote><p><span style=\"color: #000000;\">Usedom erleben \u2026<\/span><\/p>\n<p><span style=\"color: #000000;\">\u2026 kilometerlange wei\u00dfe Sandstr\u00e4nde,<\/span><br \/>\n<span style=\"color: #000000;\"> &#8230; das Flair kaiserlicher Zeiten sp\u00fcren,<\/span><br \/>\n<span style=\"color: #000000;\"> &#8230; die unber\u00fchrte Natur des Hinterlandes entdecken<\/span><br \/>\n<span style=\"color: #000000;\"> \u2026 und noch vieles, vieles mehr!<\/span><\/p><\/blockquote>\n<p style=\"text-align: justify;\">Einmal rund um die Insel Usedom, lassen Sie sich auf eine kleine Reise mitnehmen. Wir fangen in den <span style=\"text-decoration: underline;\"><em><strong><a href=\"http:\/\/usedom-forum.de\/wordpress\/die-kaiserbaeder\/\">Kaiserb\u00e4dern<\/a><\/strong><\/em><\/span> an, ziehen weiter <strong><em><a href=\"http:\/\/usedom-forum.de\/wordpress\/die-kueste-entlang\/\">die K\u00fcste entlang<\/a><\/em><\/strong> und werden die Reise im <em><strong><a href=\"http:\/\/usedom-forum.de\/wordpress\/im-hinterland\/\">Insel-Hinterland<\/a> <\/strong><\/em>beenden.<\/p>\n<p style=\"text-align: justify;\">Und vergessen Sie nicht, die Insel ist zu jeder Jahreszeit eine Reise wert und sie ver\u00e4ndert sich stetig!<\/p>\n","protected":false},"excerpt":{"rendered":"<p>Usedom erleben \u2026 \u2026 kilometerlange wei\u00dfe Sandstr\u00e4nde, &#8230; das Flair kaiserlicher Zeiten sp\u00fcren, &#8230; die unber\u00fchrte Natur des Hinterlandes entdecken \u2026 und noch vieles, vieles mehr! Einmal rund um die Insel Usedom, lassen Sie sich auf eine kleine Reise mitnehmen. Wir fangen in den Kaiserb\u00e4dern an, ziehen weiter die K\u00fcste entlang und werden die Reise im Insel-Hinterland beenden. Und vergessen Sie nicht, die Insel ist zu jeder Jahreszeit eine Reise wert und sie ver\u00e4ndert sich stetig!<\/p>\n","protected":false},"author":2,"featured_media":0,"parent":0,"menu_order":0,"comment_status":"closed","ping_status":"closed","template":"","meta":{"jetpack_post_was_ever_published":false,"footnotes":""},"class_list":["post-167","page","type-page","status-publish","hentry"],"jetpack_sharing_enabled":false,"jetpack_shortlink":"https:\/\/wp.me\/P6zWqP-2H","_links":{"self":[{"href":"https:\/\/usedom-forum.de\/wordpress\/wp-json\/wp\/v2\/pages\/167","targetHints":{"allow":["GET"]}}],"collection":[{"href":"https:\/\/usedom-forum.de\/wordpress\/wp-json\/wp\/v2\/pages"}],"about":[{"href":"https:\/\/usedom-forum.de\/wordpress\/wp-json\/wp\/v2\/types\/page"}],"author":[{"embeddable":true,"href":"https:\/\/usedom-forum.de\/wordpress\/wp-json\/wp\/v2\/users\/2"}],"replies":[{"embeddable":true,"href":"https:\/\/usedom-forum.de\/wordpress\/wp-json\/wp\/v2\/comments?post=167"}],"version-history":[{"count":4,"href":"https:\/\/usedom-forum.de\/wordpress\/wp-json\/wp\/v2\/pages\/167\/revisions"}],"predecessor-version":[{"id":332,"href":"https:\/\/usedom-forum.de\/wordpress\/wp-json\/wp\/v2\/pages\/167\/revisions\/332"}],"wp:attachment":[{"href":"https:\/\/usedom-forum.de\/wordpress\/wp-json\/wp\/v2\/media?parent=167"}],"curies":[{"name":"wp","href":"https:\/\/api.w.org\/{rel}","templated":true}]}}