{"id":169,"date":"2015-10-21T11:00:39","date_gmt":"2015-10-21T09:00:39","guid":{"rendered":"http:\/\/usedom-forum.de\/wordpress\/?page_id=169"},"modified":"2015-10-21T11:18:01","modified_gmt":"2015-10-21T09:18:01","slug":"die-kaiserbaeder","status":"publish","type":"page","link":"https:\/\/usedom-forum.de\/wordpress\/die-kaiserbaeder\/","title":{"rendered":"&#8230; die Kaiserb\u00e4der"},"content":{"rendered":"<p>&nbsp;<\/p>\n<table width=\"100%\" cellspacing=\"1\" cellpadding=\"1\">\n<tbody>\n<tr>\n<td><b><u><span style=\"font-family: Georgia;\">\u00a01. Seebad Ahlbeck<\/span><\/u><\/b><\/td>\n<\/tr>\n<tr>\n<td>\n<table>\n<tbody>\n<tr>\n<td><span style=\"font-family: Georgia;\">\u2022<\/span><\/td>\n<td><span style=\"font-family: Georgia;\"><u>Heimatmuseum<\/u> &#8211; befindet sich im hiesigen Rathaus, wo in mehreren Vitrinen die Geschichte von Ahlbeck dokumentiert wird.<\/span><\/td>\n<\/tr>\n<tr>\n<td><span style=\"font-family: Georgia;\">\u2022<\/span><\/td>\n<td><span style=\"font-family: Georgia;\"><u>Ostseetherme Ahlbeck<\/u> &#8211; befindet sich am Ortsausgang von Ahlbeck in Richtung Seebad Heringsdorf. F\u00fcr die Erholung und den Spa\u00df f\u00fcr die ganze Familie sorgt neben der angenehmen Atmosph\u00e4re auch das Wasser, welches aus der jodhaltigen Heringsdorfer Sole gewonnen wird.<\/span><\/td>\n<\/tr>\n<\/tbody>\n<\/table>\n<\/td>\n<\/tr>\n<tr>\n<td>\u00a0<b><span style=\"font-family: Georgia;\"><u>2. Seebad Heringsdorf<\/u><\/span><\/b><\/td>\n<\/tr>\n<tr>\n<td>\n<table>\n<tbody>\n<tr>\n<td><span style=\"font-family: Georgia;\">\u2022<\/span><\/td>\n<td><span style=\"font-family: Georgia;\"><u>Konzertplatz<\/u> &#8211; mit der Lage direkt links neben der Heringsdorfer Seebr\u00fccke, dem open air-Feeling, der guten Akustik sorgen hier im Sommer viele Veranstaltungen f\u00fcr einen unterhaltsamen Urlaub.<\/span><\/td>\n<\/tr>\n<tr>\n<td><span style=\"font-family: Georgia;\">\u2022<\/span><\/td>\n<td><span style=\"font-family: Georgia;\"><u>Kunstpavillon Heringsdorf <\/u>&#8211; der von der Heringsdorfer Seebr\u00fccke links in Richtung Bansin gelegene Kunstpavillon ist schon durch seinen Baustil k\u00fcnstlerisch &#8211; hier finden verschiedene Ausstellungen statt.<\/span><\/td>\n<\/tr>\n<tr>\n<td><span style=\"font-family: Georgia;\">\u2022<\/span><\/td>\n<td><span style=\"font-family: Georgia;\"><u>Chapeau Rouge<\/u> &#8211; das Theaterzelt in Heringsdorf, gelegen rechts neben der Seebr\u00fccke, bietet im Sommer ein breitgef\u00e4chertes kulturelles Angebot und im Winter dient die gesamte Fl\u00e4che als Kunsteisbahn &#8211; Spa\u00df f\u00fcr Gro\u00df und Klein sowie f\u00fcr Alt und Jung.<\/span><\/td>\n<\/tr>\n<tr>\n<td><span style=\"font-family: Georgia;\">\u2022<\/span><\/td>\n<td><span style=\"font-family: Georgia;\"><u>Heringsdorfer Sternwarte<\/u> &#8211; ist gelegen unweit der Heringsdorfer Seebr\u00fccke in Richtung Ahlbeck. Sie ist immer eine Reise wert, die einzige \u00f6ffentliche Sternwarte auf der Insel Usedom. Urvater ist der Wissenschaftler &#8222;Manfred von Ardenne&#8220;. Er f\u00f6rderte die Errichtung der Warte nicht nur durch seine Anregungen, sondern auch durch die Schenkung eines Schmidt-Spiegelteleskops. Bei einem beschaulichen Programm und den sehr interessanten Erkl\u00e4rungen vor Ort, ist es aber auch spektakul\u00e4r, dass sich das Dach der Sternwarte \u00f6ffnet.<\/span><\/td>\n<\/tr>\n<tr>\n<td><span style=\"font-family: Georgia;\">\u2022<\/span><\/td>\n<td><span style=\"font-family: Georgia;\">Spielbank Heringsdorf &#8211; Sie befindet sich auf der Promenade und l\u00e4dt jeden ein, der sein Gl\u00fcck versuchen m\u00f6chte.<\/span><\/td>\n<\/tr>\n<tr>\n<td><span style=\"font-family: Georgia;\">\u2022<\/span><\/td>\n<td><span style=\"font-family: Georgia;\"><u>Villa Irmgard<\/u> &#8211; die in Richtung Bansin (Maxim-Gorki-Stra\u00dfe 13) gelegene Villa wurde Anfang des 19. Jahrhunderts erbaut und diente f\u00fcr den ber\u00fchmten russischen Schriftsteller Maxim Gorki, seinem Sohn und seiner Schwiegertochter in den 20er Jahren als Erholungsdomizil. Sie war Erholungsort f\u00fcr den Operns\u00e4nger Fredor Schaljapin und dem Schriftsteller Alexej Tolstoi und heute, heute dient sie als Museum sowie als Ort f\u00fcr verschiedene kulturelle Veranstaltungen.<\/span><\/td>\n<\/tr>\n<tr>\n<td><span style=\"font-family: Georgia;\">\u2022<\/span><\/td>\n<td><span style=\"font-family: Georgia;\"><u>Heringsdorfer Bahnhof<\/u> &#8211; Bahnhof mit Geschichte, denn bis ins Jahr 1945 gab es hier die Zugverbindung zwischen Berlin und Heringsdorf, welche \u00fcber die Eisenbahnhubbr\u00fccke Karnin f\u00fchrte. Durch die Zerst\u00f6rung der Karniner Br\u00fccke, gab es bis ins Jahr 2000 nur eine F\u00e4hrverbindung zwischen Wolgast und der Insel Usedom. Der Bahnhof selbst wurde 1894 erbaut, jedoch mit einigen Komplikationen. Da der Eigent\u00fcmer der in Richtung Bansin gelegenen Tennispl\u00e4tze nicht verkaufen wollte, baute man kurzerhand die Schienen um den Pr\u00e4sidentenberg. Entstanden sind ein ca. 3 km langen Umweg und damit die Bauweise eines Kopfbahnhofes.<\/span><\/td>\n<\/tr>\n<\/tbody>\n<\/table>\n<\/td>\n<\/tr>\n<tr>\n<td><span style=\"font-family: Georgia;\"><b><u>3. Seebad Bansin<\/u><\/b><\/span><\/td>\n<\/tr>\n<tr>\n<td>\n<table>\n<tbody>\n<tr>\n<td><span style=\"font-family: Georgia;\">\u2022<\/span><\/td>\n<td><span style=\"font-family: Georgia;\"><u>Wandern<\/u> &#8211; im herrlich gelegenen Bansiner Buchenwald f\u00fchrt ein Wanderweg direkt zum Seebad \u00dcckeritz, entlang an der wundersch\u00f6nen Steilk\u00fcste Bansins, damit ist Bansin das Einzige der 3 Kaiserb\u00e4der, welches \u00fcber einen solchen K\u00fcstenabschnitt verf\u00fcgt.<\/span><\/td>\n<\/tr>\n<tr>\n<td><span style=\"font-family: Georgia;\">\u2022<\/span><\/td>\n<td><span style=\"font-family: Georgia;\"><u>Forsthaus Langenberg<\/u> &#8211; dem gut ausgeschilderten K\u00fcstenfahrradweg folgend gelangt man unter anderem an das Forsthaus Langenberg, in welchem man schmackhafte Wildgerichte und Fischspeisen zu sich nehmen kann.<\/span><\/td>\n<\/tr>\n<tr>\n<td><span style=\"font-family: Georgia;\">\u2022<\/span><\/td>\n<td><span style=\"font-family: Georgia;\"><u>M\u00fcmmelkensee<\/u> &#8211; mit einem kurzen Abstecher direkt vom K\u00fcstenfahrradweg gelangt man zum M\u00fcmmelkensee, wo man entlang einen Naturlehrpfad mit Hinweistafeln vorfindet. Das betreten des Moores ist lebensgef\u00e4hrlich. Beim M\u00fcmmelkensee handelt es sich um ein Hochmoor (ohne Wasserabfluss), wobei sich teils um den See herum ein Schwingmoor (eine auf dem Untergrund schwimmende Fl\u00e4che) befindet. Als besondere Pflanze k\u00f6nnen Sie hier den rundbl\u00e4ttrigen Sonnentau entdecken, eine Fleischfressende Pflanze.<\/span><\/td>\n<\/tr>\n<tr>\n<td><span style=\"font-family: Georgia;\">\u2022<\/span><\/td>\n<td><span style=\"font-family: Georgia;\"><u>Wockninsee<\/u> &#8211; ebenfalls auf dem Fahrradweg in Richtung \u00dcckeritz befindet sich bei \u00dcckeritz der Wockninsee, der ebenfalls \u00fcber einen Naturlehrpfad verf\u00fcgt. In den 70er Jahren wurde hier sogar einen Sumpfschildkr\u00f6te gesehen. Das Erkunden und Entdecken des Wockninsees und seiner Umgebung kann man auch von der Aussichtskanzel, welche eigens daf\u00fcr errichtet wurde.<\/span><\/td>\n<\/tr>\n<tr>\n<td><span style=\"font-family: Georgia;\">\u2022<\/span><\/td>\n<td><span style=\"font-family: Georgia;\"><u>Schloonsee<\/u> &#8211; befindet sich direkt im Herzen Bansins. Entstanden ist der See durch Gletschereis und liegt in unmittelbarer N\u00e4he zur Ostsee, hier wird er nur durch die Strandpromenade getrennt.<\/span><\/td>\n<\/tr>\n<tr>\n<td><span style=\"font-family: Georgia;\">\u2022<\/span><\/td>\n<td><span style=\"font-family: Georgia;\"><u>Bansiner Bergstra\u00dfe<\/u> &#8211; sie sticht durch ihre einzigartige B\u00e4derarchitektur hervor und ist das Prunkst\u00fcck Bansins.<\/span><\/td>\n<\/tr>\n<tr>\n<td><span style=\"font-family: Georgia;\">\u2022<\/span><\/td>\n<td><span style=\"font-family: Georgia;\"><u>Bansiner Rathaus<\/u> &#8211; urspr\u00fcnglich bekannt als &#8222;Warmbad&#8220;, welches aus sehr gro\u00dfen Wannen bestand. Diese wurden damals mit dem Wasser der Ostsee gef\u00fcllt.<\/span><\/td>\n<\/tr>\n<tr>\n<td><span style=\"font-family: Georgia;\">\u2022<\/span><\/td>\n<td><span style=\"font-family: Georgia;\"><u>Bansiner Holl\u00e4nderwindm\u00fchle<\/u> &#8211; im Jahre 1896 wurde die alte Bockwindm\u00fchle durch den Bauern R. Parl abgerissen und durch den Bau einer Holl\u00e4nderwindm\u00fchle ersetzten, diese wurde bis in die 50er Jahre noch betrieben. Anfang des 19. Jahrhunderts wurde hier einen Dampfmaschine eingebaut.<\/span><\/td>\n<\/tr>\n<tr>\n<td><span style=\"font-family: Georgia;\">\u2022<\/span><\/td>\n<td><span style=\"font-family: Georgia;\"><u>Gothensee<\/u> &#8211; mit einer Fl\u00e4che von \u00fcber 5 km\u00b2 ist der Gothensee der Gr\u00f6\u00dfte der Insel Usedom. Durch die zahlreichen Tier- und Pflanzenarten, welche sich hier heimisch f\u00fchlen wurde der See zum Naturschutzgebiet erkl\u00e4rt. Es handelt sich jedoch hierbei nicht um einen gew\u00f6hnlichen See, sondern um einen im 18. Jahrhundert erbauten Sackkanal (gleichnamig nach seinem Erbauer). Der See verf\u00fcgte \u00fcber eine direkte M\u00fcndung zur Ostsee. Der Kanal sollte in seiner Funktionalit\u00e4t dazu dienen, die Thurbruchwiesen zu entw\u00e4ssern. Die damals errichteten D\u00e4mme kann man auch heute noch entdecken. Ende des 18. Jahrhunderts war der See sogar ohne Wasser und somit konnten die entw\u00e4sserten Thurbruchwiesen zur Tierhaltung genutzt werden.<\/span><\/td>\n<\/tr>\n<tr>\n<td><span style=\"font-family: Georgia;\">\u2022<\/span><\/td>\n<td><span style=\"font-family: Georgia;\"><u>Aussichtsturm vom 7 Seen Berg <\/u>&#8211; wie der Name schon verr\u00e4t, hat man von hier eine wundersch\u00f6ne Sicht auf die 7 Seen (Gro\u00dfer Krebssee, Kleiner Krebssee, Gothensee, Kachliner See, Schmollensee, Achterwasser, Schloonsee &#8211; und die Ostsee). Fast das ganze Areal, welches man von hier in Augenschein nehmen kann, befindet sich unter Naturschutz und bietet vielen Pflanzen und Tieren ein einzigartigen Lebensraum.<\/span><\/td>\n<\/tr>\n<tr>\n<td><span style=\"font-family: Georgia;\">\u2022<\/span><\/td>\n<td><span style=\"font-family: Georgia;\"><u>Tropenhaus Bansin<\/u> &#8211; Deutschlands kleinster Minizoo.<\/span><\/td>\n<\/tr>\n<\/tbody>\n<\/table>\n<\/td>\n<\/tr>\n<\/tbody>\n<\/table>\n","protected":false},"excerpt":{"rendered":"<p>&nbsp; \u00a01. Seebad Ahlbeck \u2022 Heimatmuseum &#8211; befindet sich im hiesigen Rathaus, wo in mehreren Vitrinen die Geschichte von Ahlbeck dokumentiert wird. \u2022 Ostseetherme Ahlbeck &#8211; befindet sich am Ortsausgang von Ahlbeck in Richtung Seebad Heringsdorf. F\u00fcr die Erholung und den Spa\u00df f\u00fcr die ganze Familie sorgt neben der angenehmen Atmosph\u00e4re auch das Wasser, welches aus der jodhaltigen Heringsdorfer Sole gewonnen wird. \u00a02. Seebad Heringsdorf \u2022 Konzertplatz &#8211; mit der Lage direkt links neben der Heringsdorfer Seebr\u00fccke, dem open air-Feeling, der guten Akustik sorgen hier im Sommer viele Veranstaltungen f\u00fcr einen unterhaltsamen Urlaub. \u2022 Kunstpavillon Heringsdorf &#8211; der von der Heringsdorfer Seebr\u00fccke links in Richtung Bansin gelegene Kunstpavillon ist schon durch seinen Baustil k\u00fcnstlerisch &#8211; hier finden verschiedene Ausstellungen statt. \u2022 Chapeau Rouge &#8211; das Theaterzelt in Heringsdorf, gelegen rechts neben der Seebr\u00fccke, bietet im Sommer ein breitgef\u00e4chertes kulturelles Angebot und im Winter dient die gesamte Fl\u00e4che als Kunsteisbahn &#8211; Spa\u00df f\u00fcr Gro\u00df und Klein sowie f\u00fcr Alt und Jung. \u2022 Heringsdorfer Sternwarte &#8211; ist gelegen unweit der Heringsdorfer Seebr\u00fccke in Richtung Ahlbeck. Sie ist immer eine Reise wert, die einzige \u00f6ffentliche Sternwarte auf der Insel Usedom. Urvater ist der Wissenschaftler &#8222;Manfred von Ardenne&#8220;. Er f\u00f6rderte die Errichtung der Warte nicht nur durch seine Anregungen, sondern auch durch die Schenkung eines Schmidt-Spiegelteleskops. Bei einem beschaulichen Programm und den sehr interessanten Erkl\u00e4rungen vor Ort, ist es aber auch spektakul\u00e4r, dass sich das Dach der Sternwarte \u00f6ffnet. \u2022 Spielbank Heringsdorf &#8211; Sie befindet sich auf der Promenade und l\u00e4dt jeden ein, der sein Gl\u00fcck versuchen m\u00f6chte. \u2022 Villa Irmgard &#8211; die in Richtung Bansin (Maxim-Gorki-Stra\u00dfe 13) gelegene Villa wurde Anfang des 19. Jahrhunderts erbaut und diente f\u00fcr den ber\u00fchmten russischen Schriftsteller Maxim Gorki, seinem Sohn und seiner Schwiegertochter in den 20er Jahren als Erholungsdomizil. Sie war Erholungsort f\u00fcr den Operns\u00e4nger Fredor Schaljapin und dem Schriftsteller Alexej Tolstoi und heute, heute dient sie als Museum sowie als Ort f\u00fcr verschiedene kulturelle Veranstaltungen. \u2022 Heringsdorfer Bahnhof &#8211; Bahnhof mit Geschichte, denn bis ins Jahr 1945 gab es hier die Zugverbindung zwischen Berlin und Heringsdorf, welche \u00fcber die Eisenbahnhubbr\u00fccke Karnin f\u00fchrte. Durch die Zerst\u00f6rung der Karniner Br\u00fccke, gab es bis ins Jahr 2000 nur eine F\u00e4hrverbindung zwischen Wolgast und der Insel Usedom. Der Bahnhof selbst wurde 1894 erbaut, jedoch mit einigen Komplikationen. Da der Eigent\u00fcmer der in Richtung Bansin gelegenen Tennispl\u00e4tze nicht verkaufen wollte, baute man kurzerhand die Schienen um den Pr\u00e4sidentenberg. Entstanden sind ein ca. 3 km langen Umweg und damit die Bauweise eines Kopfbahnhofes. 3. Seebad Bansin \u2022 Wandern &#8211; im herrlich gelegenen Bansiner Buchenwald f\u00fchrt ein Wanderweg direkt zum Seebad \u00dcckeritz, entlang an der wundersch\u00f6nen Steilk\u00fcste Bansins, damit ist Bansin das Einzige der 3 Kaiserb\u00e4der, welches \u00fcber einen solchen K\u00fcstenabschnitt verf\u00fcgt. \u2022 Forsthaus Langenberg &#8211; dem gut ausgeschilderten K\u00fcstenfahrradweg folgend gelangt man unter anderem an das Forsthaus Langenberg, in welchem man schmackhafte Wildgerichte und Fischspeisen zu sich nehmen kann. \u2022 M\u00fcmmelkensee &#8211; mit einem kurzen Abstecher direkt vom K\u00fcstenfahrradweg gelangt man zum M\u00fcmmelkensee, wo man entlang einen Naturlehrpfad mit Hinweistafeln vorfindet. Das betreten des Moores ist lebensgef\u00e4hrlich. Beim M\u00fcmmelkensee handelt es sich um ein Hochmoor (ohne Wasserabfluss), wobei sich teils um den See herum ein Schwingmoor (eine auf dem Untergrund schwimmende Fl\u00e4che) befindet. Als besondere Pflanze k\u00f6nnen Sie hier den rundbl\u00e4ttrigen Sonnentau entdecken, eine Fleischfressende Pflanze. \u2022 Wockninsee &#8211; ebenfalls auf dem Fahrradweg in Richtung \u00dcckeritz befindet sich bei \u00dcckeritz der Wockninsee, der ebenfalls \u00fcber einen Naturlehrpfad verf\u00fcgt. In den 70er Jahren wurde hier sogar einen Sumpfschildkr\u00f6te gesehen. Das Erkunden und Entdecken des Wockninsees und seiner Umgebung kann man auch von der Aussichtskanzel, welche eigens daf\u00fcr errichtet wurde. \u2022 Schloonsee &#8211; befindet sich direkt im Herzen Bansins. Entstanden ist der See durch Gletschereis und liegt in unmittelbarer N\u00e4he zur Ostsee, hier wird er nur durch die Strandpromenade getrennt. \u2022 Bansiner Bergstra\u00dfe &#8211; sie sticht durch ihre einzigartige B\u00e4derarchitektur hervor und ist das Prunkst\u00fcck Bansins. \u2022 Bansiner Rathaus &#8211; urspr\u00fcnglich bekannt als &#8222;Warmbad&#8220;, welches aus sehr gro\u00dfen Wannen bestand. Diese wurden damals mit dem Wasser der Ostsee gef\u00fcllt. \u2022 Bansiner Holl\u00e4nderwindm\u00fchle &#8211; im Jahre 1896 wurde die alte Bockwindm\u00fchle durch den Bauern R. Parl abgerissen und durch den Bau einer Holl\u00e4nderwindm\u00fchle ersetzten, diese wurde bis in die 50er Jahre noch betrieben. Anfang des 19. Jahrhunderts wurde hier einen Dampfmaschine eingebaut. \u2022 Gothensee &#8211; mit einer Fl\u00e4che von \u00fcber 5 km\u00b2 ist der Gothensee der Gr\u00f6\u00dfte der Insel Usedom. Durch die zahlreichen Tier- und Pflanzenarten, welche sich hier heimisch f\u00fchlen wurde der See zum Naturschutzgebiet erkl\u00e4rt. Es handelt sich jedoch hierbei nicht um einen gew\u00f6hnlichen See, sondern um einen im 18. Jahrhundert erbauten Sackkanal (gleichnamig nach seinem Erbauer). Der See verf\u00fcgte \u00fcber eine direkte M\u00fcndung zur Ostsee. Der Kanal sollte in seiner Funktionalit\u00e4t dazu dienen, die Thurbruchwiesen zu entw\u00e4ssern. Die damals errichteten D\u00e4mme kann man auch heute noch entdecken. Ende des 18. Jahrhunderts war der See sogar ohne Wasser und somit konnten die entw\u00e4sserten Thurbruchwiesen zur Tierhaltung genutzt werden. \u2022 Aussichtsturm vom 7 Seen Berg &#8211; wie der Name schon verr\u00e4t, hat man von hier eine wundersch\u00f6ne Sicht auf die 7 Seen (Gro\u00dfer Krebssee, Kleiner Krebssee, Gothensee, Kachliner See, Schmollensee, Achterwasser, Schloonsee &#8211; und die Ostsee). Fast das ganze Areal, welches man von hier in Augenschein nehmen kann, befindet sich unter Naturschutz und bietet vielen Pflanzen und Tieren ein einzigartigen Lebensraum. \u2022 Tropenhaus Bansin &#8211; Deutschlands kleinster Minizoo.<\/p>\n","protected":false},"author":2,"featured_media":0,"parent":0,"menu_order":0,"comment_status":"closed","ping_status":"closed","template":"","meta":{"jetpack_post_was_ever_published":false,"footnotes":""},"class_list":["post-169","page","type-page","status-publish","hentry"],"jetpack_sharing_enabled":false,"jetpack_shortlink":"https:\/\/wp.me\/P6zWqP-2J","_links":{"self":[{"href":"https:\/\/usedom-forum.de\/wordpress\/wp-json\/wp\/v2\/pages\/169","targetHints":{"allow":["GET"]}}],"collection":[{"href":"https:\/\/usedom-forum.de\/wordpress\/wp-json\/wp\/v2\/pages"}],"about":[{"href":"https:\/\/usedom-forum.de\/wordpress\/wp-json\/wp\/v2\/types\/page"}],"author":[{"embeddable":true,"href":"https:\/\/usedom-forum.de\/wordpress\/wp-json\/wp\/v2\/users\/2"}],"replies":[{"embeddable":true,"href":"https:\/\/usedom-forum.de\/wordpress\/wp-json\/wp\/v2\/comments?post=169"}],"version-history":[{"count":5,"href":"https:\/\/usedom-forum.de\/wordpress\/wp-json\/wp\/v2\/pages\/169\/revisions"}],"predecessor-version":[{"id":257,"href":"https:\/\/usedom-forum.de\/wordpress\/wp-json\/wp\/v2\/pages\/169\/revisions\/257"}],"wp:attachment":[{"href":"https:\/\/usedom-forum.de\/wordpress\/wp-json\/wp\/v2\/media?parent=169"}],"curies":[{"name":"wp","href":"https:\/\/api.w.org\/{rel}","templated":true}]}}