{"id":199,"date":"2015-10-21T11:00:43","date_gmt":"2015-10-21T09:00:43","guid":{"rendered":"http:\/\/usedom-forum.de\/wordpress\/?page_id=199"},"modified":"2017-12-13T21:55:53","modified_gmt":"2017-12-13T19:55:53","slug":"gesundheitswesen","status":"publish","type":"page","link":"https:\/\/usedom-forum.de\/wordpress\/gesundheitswesen\/","title":{"rendered":"Gesundheitswesen"},"content":{"rendered":"<table width=\"100%\" cellspacing=\"1\" cellpadding=\"1\" bgcolor=\"#FFFFFF\">\n<tbody>\n<tr>\n<td align=\"CENTER\"><u><u><b><span style=\"font-family: Georgia;\"><br \/>\n\u2022 Krankenh\u00e4user (i. d. Umgebung)<\/span><\/b><\/u><\/u><\/td>\n<\/tr>\n<tr>\n<td><span style=\"font-family: Georgia;\"><b>Kreiskrankenhaus Wolgast<\/b><br \/>\nChausseestra\u00dfe 46<br \/>\n17438 Wolgast<br \/>\nTel. 03836 257-0<br \/>\nFax 03836 257-202<\/span><\/td>\n<\/tr>\n<tr>\n<td><span style=\"font-family: Georgia;\"><span style=\"font-family: Georgia;\"><b>Kreiskrankenhaus Anklam<\/b><br \/>\nHospitalstra\u00dfe 19<br \/>\n17389 Anklam<br \/>\nTel. 03971 834-0<br \/>\nFax 03971 834-5108<\/span><\/span><\/td>\n<\/tr>\n<tr>\n<td><span style=\"font-family: Georgia;\"><span style=\"font-family: Georgia;\"><b>Universit\u00e4tsklinikum der Ernst-Moritz-Arndt-Universit\u00e4t Greifswald<\/b><br \/>\nFleischmannstra\u00dfe 8<br \/>\n17475 Greifswald<br \/>\nTel. 03834 86-0<\/span><\/span><\/td>\n<\/tr>\n<tr>\n<td align=\"CENTER\"><span style=\"color: #ff0000;\"><b><span style=\"font-family: Georgia;\"><br \/>\n\u2022 Hotline f\u00fcr den Bereitschaftsarzt auf der Insel Usedom: <strong><u>116 117<\/u><\/strong><\/span><\/b><\/span><br \/>\n<b><\/b><\/td>\n<\/tr>\n<tr>\n<td align=\"CENTER\"><span style=\"color: #ff0000;\"><span style=\"color: #ff0000;\"><span style=\"color: #ff0000;\"><b><span style=\"font-family: Georgia;\"><br \/>\n\u2022 tier\u00e4rztliche Notdienstnummer: <strong>038378 807350<br \/>\nDr. Wenzel, Bossin <\/strong><\/span><\/b><\/span><\/span><\/span><\/p>\n<div class=\"confit-address\"><a href=\"https:\/\/maps.google.com\/maps?z=16&amp;q=haffbergstra\u00dfe+14+17419+bossin\" target=\"_blank\" rel=\"noopener\">Haffbergstra\u00dfe 14<br \/>\n17419 Bossin<br \/>\n<\/a>Telefon: (0171) 4 30 68 36 oder: (038376) 2 03 03<\/div>\n<div class=\"confit-hours\">Montag, Mittwoch und Freitag<br \/>\n16\u00b0\u00b0 &#8211; 18\u00b0\u00b0 Uhr<\/div>\n<p><b><span style=\"font-family: Georgia;\"><strong> Website: <a href=\"http:\/\/www.tierarztpraxis-usedom.de\" target=\"_blank\" rel=\"noopener\">www.tierarztpraxis-usedom.de<\/a><br \/>\n<\/strong><\/span><\/b><\/td>\n<\/tr>\n<tr>\n<td align=\"CENTER\"><u><u><b><span style=\"font-family: Georgia;\"><br \/>\n\u2022 Krankenh\u00e4user auf Usedom<\/span><\/b><\/u><\/u><\/td>\n<\/tr>\n<tr>\n<td align=\"LEFT\"><span style=\"font-family: Georgia;\"><span style=\"font-family: Georgia;\"><b>Seebad Heringsdorf Inselklinik Heringsdorf &#8222;Haus Kulm&#8220;<br \/>\nReha-Klinik f\u00fcr Psychosomatische Medizin<\/b><br \/>\nKulm 9<br \/>\n17424 Seebad Heringsdorf<br \/>\nTel. 038378 590<br \/>\nFax 038378 59585<\/span><\/span><\/td>\n<\/tr>\n<tr>\n<td align=\"LEFT\"><span style=\"font-family: Georgia;\"><span style=\"font-family: Georgia;\"><b>&#8222;Haus Gothensee&#8220; Vorsorge- und Reha-Klinik f\u00fcr Kinder und Jugendliche mit Stoffwechsel-, Haut- und Nierenerkrankungen<\/b><br \/>\nSetheweg 11<br \/>\n17424 Seebad Heringsdorf<br \/>\nTel.038378 7800<br \/>\nFax 038378 780444<\/span><\/span><\/td>\n<\/tr>\n<tr>\n<td align=\"LEFT\"><span style=\"font-family: Georgia;\"><span style=\"font-family: Georgia;\"><b>Trassenheide D\u00fcnenwaldklinik<\/b><br \/>\nD\u00fcnenstra\u00dfe 1<br \/>\n17449 Trassenheide<br \/>\nTel. 038371 700<\/span><\/span><\/td>\n<\/tr>\n<tr>\n<td align=\"CENTER\"><b><u><span style=\"font-family: Georgia;\"><br \/>\n\u2022 Apotheken auf Usedom<\/span><\/u><\/b><br \/>\n<b><u><\/u><\/b><\/td>\n<\/tr>\n<tr>\n<td align=\"LEFT\"><b><u>Seebad Ahlbeck &#8222;Marson-Apotheke&#8220;<\/u><\/b><br \/>\nSeestra\u00dfe 13<br \/>\n17419 Seebad Ahlbeck<br \/>\nTel. 038378 23401 oder 038378 23404<\/td>\n<\/tr>\n<tr>\n<td align=\"LEFT\"><span style=\"font-family: Georgia;\"><span style=\"font-family: Georgia;\"><b>Seebad Heringsdorf &#8222;Apotheke Heringsdorf&#8220;<\/b><br \/>\nSeestra\u00dfe 14<br \/>\n17424 Seebad Heringsdorf<br \/>\nTel. 038378 2590<br \/>\nFax 038378 22333<\/span><\/span><b>Seebad Heringsdorf &#8222;Linden-Apotheke&#8220;<\/b><br \/>\nDelbr\u00fcckstra\u00dfe 2<br \/>\n17424 Seebad Heringsdorf<br \/>\nTel. 038378 82383<br \/>\nFax 038378 82385<\/td>\n<\/tr>\n<tr>\n<td align=\"LEFT\"><span style=\"font-family: Georgia;\"><span style=\"font-family: Georgia;\"><b>Seebad Bansin &#8222;Fontane-Apotheke&#8220;<\/b><br \/>\nSeestra\u00dfe 4<br \/>\n17429 Seebad Bansin<br \/>\nTel. 038378 31949<\/span><\/span><\/td>\n<\/tr>\n<tr>\n<td align=\"LEFT\"><span style=\"font-family: Georgia;\"><span style=\"font-family: Georgia;\"><b>Seebad Koserow &#8222;Vineta-Apotheke&#8220;<\/b><br \/>\nSchulstra\u00dfe 1b<br \/>\n17459 Seebad Koserow<br \/>\nTel. 038375 20726<\/span><\/span><\/td>\n<\/tr>\n<tr>\n<td align=\"LEFT\"><span style=\"font-family: Georgia Ref;\"><span style=\"font-family: Georgia Ref;\"><b>Seebad Zinnowitz &#8222;Sert\u00fcrner-Apotheke&#8220;<\/b><br \/>\nNeue Strandstra\u00dfe 39<br \/>\n17454 Seebad Zinnowitz<br \/>\nTel. 03837742166<\/span><\/span><\/td>\n<\/tr>\n<tr>\n<td align=\"LEFT\"><span style=\"font-family: Georgia;\"><b>Seebad Karlshagen &#8222;M\u00f6wen-Apotheke&#8220;<\/b><br \/>\nStrandstra\u00dfe 30<br \/>\n17449 Seebad Karlshagen<br \/>\nTel. 038371 20247<br \/>\nFax 038371 286001<\/span><\/td>\n<\/tr>\n<\/tbody>\n<\/table>\n","protected":false},"excerpt":{"rendered":"<p>\u2022 Krankenh\u00e4user (i. d. Umgebung) Kreiskrankenhaus Wolgast Chausseestra\u00dfe 46 17438 Wolgast Tel. 03836 257-0 Fax 03836 257-202 Kreiskrankenhaus Anklam Hospitalstra\u00dfe 19 17389 Anklam Tel. 03971 834-0 Fax 03971 834-5108 Universit\u00e4tsklinikum der Ernst-Moritz-Arndt-Universit\u00e4t Greifswald Fleischmannstra\u00dfe 8 17475 Greifswald Tel. 03834 86-0 \u2022 Hotline f\u00fcr den Bereitschaftsarzt auf der Insel Usedom: 116 117 \u2022 tier\u00e4rztliche Notdienstnummer: 038378 807350 Dr. Wenzel, Bossin Haffbergstra\u00dfe 14 17419 Bossin Telefon: (0171) 4 30 68 36 oder: (038376) 2 03 03 Montag, Mittwoch und Freitag 16\u00b0\u00b0 &#8211; 18\u00b0\u00b0 Uhr Website: www.tierarztpraxis-usedom.de \u2022 Krankenh\u00e4user auf Usedom Seebad Heringsdorf Inselklinik Heringsdorf &#8222;Haus Kulm&#8220; Reha-Klinik f\u00fcr Psychosomatische Medizin Kulm 9 17424 Seebad Heringsdorf Tel. 038378 590 Fax 038378 59585 &#8222;Haus Gothensee&#8220; Vorsorge- und Reha-Klinik f\u00fcr Kinder und Jugendliche mit Stoffwechsel-, Haut- und Nierenerkrankungen Setheweg 11 17424 Seebad Heringsdorf Tel.038378 7800 Fax 038378 780444 Trassenheide D\u00fcnenwaldklinik D\u00fcnenstra\u00dfe 1 17449 Trassenheide Tel. 038371 700 \u2022 Apotheken auf Usedom Seebad Ahlbeck &#8222;Marson-Apotheke&#8220; Seestra\u00dfe 13 17419 Seebad Ahlbeck Tel. 038378 23401 oder 038378 23404 Seebad Heringsdorf &#8222;Apotheke Heringsdorf&#8220; Seestra\u00dfe 14 17424 Seebad Heringsdorf Tel. 038378 2590 Fax 038378 22333Seebad Heringsdorf &#8222;Linden-Apotheke&#8220; Delbr\u00fcckstra\u00dfe 2 17424 Seebad Heringsdorf Tel. 038378 82383 Fax 038378 82385 Seebad Bansin &#8222;Fontane-Apotheke&#8220; Seestra\u00dfe 4 17429 Seebad Bansin Tel. 038378 31949 Seebad Koserow &#8222;Vineta-Apotheke&#8220; Schulstra\u00dfe 1b 17459 Seebad Koserow Tel. 038375 20726 Seebad Zinnowitz &#8222;Sert\u00fcrner-Apotheke&#8220; Neue Strandstra\u00dfe 39 17454 Seebad Zinnowitz Tel. 03837742166 Seebad Karlshagen &#8222;M\u00f6wen-Apotheke&#8220; Strandstra\u00dfe 30 17449 Seebad Karlshagen Tel. 038371 20247 Fax 038371 286001<\/p>\n","protected":false},"author":2,"featured_media":0,"parent":0,"menu_order":0,"comment_status":"closed","ping_status":"closed","template":"","meta":{"jetpack_post_was_ever_published":false,"footnotes":""},"class_list":["post-199","page","type-page","status-publish","hentry"],"jetpack_sharing_enabled":false,"jetpack_shortlink":"https:\/\/wp.me\/P6zWqP-3d","_links":{"self":[{"href":"https:\/\/usedom-forum.de\/wordpress\/wp-json\/wp\/v2\/pages\/199","targetHints":{"allow":["GET"]}}],"collection":[{"href":"https:\/\/usedom-forum.de\/wordpress\/wp-json\/wp\/v2\/pages"}],"about":[{"href":"https:\/\/usedom-forum.de\/wordpress\/wp-json\/wp\/v2\/types\/page"}],"author":[{"embeddable":true,"href":"https:\/\/usedom-forum.de\/wordpress\/wp-json\/wp\/v2\/users\/2"}],"replies":[{"embeddable":true,"href":"https:\/\/usedom-forum.de\/wordpress\/wp-json\/wp\/v2\/comments?post=199"}],"version-history":[{"count":5,"href":"https:\/\/usedom-forum.de\/wordpress\/wp-json\/wp\/v2\/pages\/199\/revisions"}],"predecessor-version":[{"id":1179,"href":"https:\/\/usedom-forum.de\/wordpress\/wp-json\/wp\/v2\/pages\/199\/revisions\/1179"}],"wp:attachment":[{"href":"https:\/\/usedom-forum.de\/wordpress\/wp-json\/wp\/v2\/media?parent=199"}],"curies":[{"name":"wp","href":"https:\/\/api.w.org\/{rel}","templated":true}]}}