{"id":208,"date":"2015-10-21T11:00:31","date_gmt":"2015-10-21T09:00:31","guid":{"rendered":"http:\/\/usedom-forum.de\/wordpress\/?page_id=208"},"modified":"2015-10-21T11:34:26","modified_gmt":"2015-10-21T09:34:26","slug":"rechtsanwaelte","status":"publish","type":"page","link":"https:\/\/usedom-forum.de\/wordpress\/rechtsanwaelte\/","title":{"rendered":"Rechtsanw\u00e4lte"},"content":{"rendered":"<p><img data-recalc-dims=\"1\" loading=\"lazy\" decoding=\"async\" src=\"https:\/\/i0.wp.com\/usedom-forum.de\/wordpress\/wp-content\/uploads\/2015\/10\/RAeKoester.jpg?resize=640%2C364\" alt=\"RAeKoester\" width=\"640\" height=\"364\" \/><\/p>\n<p><strong>Rechtsanw\u00e4ltin Dorit K\u00f6ster<\/strong><br \/>\n&#8211; allgemeines Zivilrecht &#8211;<br \/>\n&#8211; Erbrecht &#8211;<br \/>\n&#8211; Familienrecht &#8211;<br \/>\n&#8211; Sozialrecht &#8211;<br \/>\n&#8211; Verkehrsrecht &#8211;<br \/>\n&#8211; Versicherungsrecht &#8211;<\/p>\n<p><strong>Rechtsanwalt Tim K\u00f6ster<\/strong><br \/>\n&#8211; allgemeines Zivilrecht &#8211;<br \/>\n&#8211; Miet- und WEG Recht &#8211;<br \/>\n&#8211; Arbeitsrecht &#8211;<br \/>\n&#8211; Mietrecht &#8211;<br \/>\n&#8211; Straf- und Ordnungswidrigkeitrecht &#8211;<br \/>\n&#8211; Baurecht &#8211;<br \/>\n&#8211; Verwaltungsrecht &#8211;<br \/>\n&#8211; Inkassot\u00e4tigkeiten &#8211;<\/p>\n<p><strong>K\u00d6STER Rechtsanw\u00e4lte<\/strong><br \/>\nFriedenstrasse 1<br \/>\n17424 Seebad Heringsdorf<\/p>\n<p><a href=\"http:\/\/www.koester-rechtsanwaelte.de\/\" target=\"_blank\">www.koester-rechtsanwaelte.de<\/a><\/p>\n<p>Tel. 038378 47030<br \/>\nFax 038378 470319<\/p>\n","protected":false},"excerpt":{"rendered":"<p>Rechtsanw\u00e4ltin Dorit K\u00f6ster &#8211; allgemeines Zivilrecht &#8211; &#8211; Erbrecht &#8211; &#8211; Familienrecht &#8211; &#8211; Sozialrecht &#8211; &#8211; Verkehrsrecht &#8211; &#8211; Versicherungsrecht &#8211; Rechtsanwalt Tim K\u00f6ster &#8211; allgemeines Zivilrecht &#8211; &#8211; Miet- und WEG Recht &#8211; &#8211; Arbeitsrecht &#8211; &#8211; Mietrecht &#8211; &#8211; Straf- und Ordnungswidrigkeitrecht &#8211; &#8211; Baurecht &#8211; &#8211; Verwaltungsrecht &#8211; &#8211; Inkassot\u00e4tigkeiten &#8211; K\u00d6STER Rechtsanw\u00e4lte Friedenstrasse 1 17424 Seebad Heringsdorf www.koester-rechtsanwaelte.de Tel. 038378 47030 Fax 038378 470319<\/p>\n","protected":false},"author":2,"featured_media":0,"parent":0,"menu_order":0,"comment_status":"closed","ping_status":"closed","template":"","meta":{"jetpack_post_was_ever_published":false,"footnotes":""},"class_list":["post-208","page","type-page","status-publish","hentry"],"jetpack_sharing_enabled":false,"jetpack_shortlink":"https:\/\/wp.me\/P6zWqP-3m","_links":{"self":[{"href":"https:\/\/usedom-forum.de\/wordpress\/wp-json\/wp\/v2\/pages\/208","targetHints":{"allow":["GET"]}}],"collection":[{"href":"https:\/\/usedom-forum.de\/wordpress\/wp-json\/wp\/v2\/pages"}],"about":[{"href":"https:\/\/usedom-forum.de\/wordpress\/wp-json\/wp\/v2\/types\/page"}],"author":[{"embeddable":true,"href":"https:\/\/usedom-forum.de\/wordpress\/wp-json\/wp\/v2\/users\/2"}],"replies":[{"embeddable":true,"href":"https:\/\/usedom-forum.de\/wordpress\/wp-json\/wp\/v2\/comments?post=208"}],"version-history":[{"count":3,"href":"https:\/\/usedom-forum.de\/wordpress\/wp-json\/wp\/v2\/pages\/208\/revisions"}],"predecessor-version":[{"id":212,"href":"https:\/\/usedom-forum.de\/wordpress\/wp-json\/wp\/v2\/pages\/208\/revisions\/212"}],"wp:attachment":[{"href":"https:\/\/usedom-forum.de\/wordpress\/wp-json\/wp\/v2\/media?parent=208"}],"curies":[{"name":"wp","href":"https:\/\/api.w.org\/{rel}","templated":true}]}}