{"id":241,"date":"2015-10-21T11:00:36","date_gmt":"2015-10-21T09:00:36","guid":{"rendered":"http:\/\/usedom-forum.de\/wordpress\/?page_id=241"},"modified":"2015-10-21T11:22:25","modified_gmt":"2015-10-21T09:22:25","slug":"buecher-ueber-usedom","status":"publish","type":"page","link":"https:\/\/usedom-forum.de\/wordpress\/buecher-ueber-usedom\/","title":{"rendered":"B\u00fccher \u00fcber Usedom"},"content":{"rendered":"<p style=\"text-align: center;\"><span style=\"text-decoration: underline;\"><strong>Lesen \u00fcber Usedom<\/strong><\/span><\/p>\n<p><strong>Die Insel Usedom<\/strong><br \/>\nH.H. Wille, Hinstorff Vlg, Rostock, 1999<\/p>\n<p><strong>Geschichten vom alten Usedom &#8211; Erinnerungen<\/strong><br \/>\nV. Herold, Frieling u. P., Berlin, 1995<\/p>\n<p><strong>Bernsteinhexe und Kaiserb\u00e4der &#8211; Lesen von Usedom<\/strong><br \/>\nJ. Grambow, W. M\u00fcns, Hinstorff Vlg, Rostock, 1999<\/p>\n<p><strong>Eisenbahnen auf Usedom &#8211; \u00dcber Swinem\u00fcnde nach Peenem\u00fcnde<\/strong><br \/>\nB. Kuhlmann, Alba Publkation, D\u00fcsseldorf, 1999<\/p>\n<p><strong>Erleben Sie Usedom<\/strong><br \/>\nG. Richardt, Hinstorff Vlg, Rostock, 1998<\/p>\n<p><strong>Leben auf Usedom &#8211; Eine Familiengeschichte rund um das Auto<\/strong><br \/>\nE. Hartwig, Demmler-Vlg, Schwerin, 2000<\/p>\n<p><strong>Usedom als K\u00fcnstlerinsel<\/strong><br \/>\nB. Lichtnau, Atelier i. BH., Frankfurt 1993<\/p>\n<p><strong>Usedom<\/strong><br \/>\nP. Dubilski, DuMont, K\u00f6ln, 2000<\/p>\n<p><strong>Usedom<\/strong><br \/>\nM.&amp; S. Liebe, Hinstorff Vlg, Rostock, 1996<\/p>\n<p><strong>Usedom<\/strong><br \/>\nE. T\u00f6nspeterotto, R. Schr\u00f6der, Artcolor\/Eggenkamp, Hamm, 1992<\/p>\n<p><strong>Usedom &#8211; Ein Lesebuch<\/strong><br \/>\nR. Seydel, Ullstein TB-Vlg, Berlin, 1998<\/p>\n<p><strong>Usedom &#8211; Sagen und Geschichten<\/strong><br \/>\nE. Richter, Demmler-Vlg, Schwerin, 1992<\/p>\n<p style=\"text-align: justify;\">Sicher nur eine kleine Auswahl der B\u00fccher \u00fcber die Insel Usedom, aber warum erleben, entdecken und erkunden Sie diese Insel nicht einfach selbst&#8230;<\/p>\n","protected":false},"excerpt":{"rendered":"<p>Lesen \u00fcber Usedom Die Insel Usedom H.H. Wille, Hinstorff Vlg, Rostock, 1999 Geschichten vom alten Usedom &#8211; Erinnerungen V. Herold, Frieling u. P., Berlin, 1995 Bernsteinhexe und Kaiserb\u00e4der &#8211; Lesen von Usedom J. Grambow, W. M\u00fcns, Hinstorff Vlg, Rostock, 1999 Eisenbahnen auf Usedom &#8211; \u00dcber Swinem\u00fcnde nach Peenem\u00fcnde B. Kuhlmann, Alba Publkation, D\u00fcsseldorf, 1999 Erleben Sie Usedom G. Richardt, Hinstorff Vlg, Rostock, 1998 Leben auf Usedom &#8211; Eine Familiengeschichte rund um das Auto E. Hartwig, Demmler-Vlg, Schwerin, 2000 Usedom als K\u00fcnstlerinsel B. Lichtnau, Atelier i. BH., Frankfurt 1993 Usedom P. Dubilski, DuMont, K\u00f6ln, 2000 Usedom M.&amp; S. Liebe, Hinstorff Vlg, Rostock, 1996 Usedom E. T\u00f6nspeterotto, R. Schr\u00f6der, Artcolor\/Eggenkamp, Hamm, 1992 Usedom &#8211; Ein Lesebuch R. Seydel, Ullstein TB-Vlg, Berlin, 1998 Usedom &#8211; Sagen und Geschichten E. Richter, Demmler-Vlg, Schwerin, 1992 Sicher nur eine kleine Auswahl der B\u00fccher \u00fcber die Insel Usedom, aber warum erleben, entdecken und erkunden Sie diese Insel nicht einfach selbst&#8230;<\/p>\n","protected":false},"author":2,"featured_media":0,"parent":0,"menu_order":0,"comment_status":"closed","ping_status":"closed","template":"","meta":{"jetpack_post_was_ever_published":false,"footnotes":""},"class_list":["post-241","page","type-page","status-publish","hentry"],"jetpack_sharing_enabled":false,"jetpack_shortlink":"https:\/\/wp.me\/P6zWqP-3T","_links":{"self":[{"href":"https:\/\/usedom-forum.de\/wordpress\/wp-json\/wp\/v2\/pages\/241","targetHints":{"allow":["GET"]}}],"collection":[{"href":"https:\/\/usedom-forum.de\/wordpress\/wp-json\/wp\/v2\/pages"}],"about":[{"href":"https:\/\/usedom-forum.de\/wordpress\/wp-json\/wp\/v2\/types\/page"}],"author":[{"embeddable":true,"href":"https:\/\/usedom-forum.de\/wordpress\/wp-json\/wp\/v2\/users\/2"}],"replies":[{"embeddable":true,"href":"https:\/\/usedom-forum.de\/wordpress\/wp-json\/wp\/v2\/comments?post=241"}],"version-history":[{"count":2,"href":"https:\/\/usedom-forum.de\/wordpress\/wp-json\/wp\/v2\/pages\/241\/revisions"}],"predecessor-version":[{"id":299,"href":"https:\/\/usedom-forum.de\/wordpress\/wp-json\/wp\/v2\/pages\/241\/revisions\/299"}],"wp:attachment":[{"href":"https:\/\/usedom-forum.de\/wordpress\/wp-json\/wp\/v2\/media?parent=241"}],"curies":[{"name":"wp","href":"https:\/\/api.w.org\/{rel}","templated":true}]}}