{"id":285,"date":"2015-10-21T11:00:24","date_gmt":"2015-10-21T09:00:24","guid":{"rendered":"http:\/\/usedom-forum.de\/wordpress\/?page_id=285"},"modified":"2017-03-31T20:01:00","modified_gmt":"2017-03-31T18:01:00","slug":"leibliches-wohl","status":"publish","type":"page","link":"https:\/\/usedom-forum.de\/wordpress\/leibliches-wohl\/","title":{"rendered":"\u2022 Leibliches Wohl"},"content":{"rendered":"<p style=\"text-align: justify;\"><span style=\"text-decoration: underline;\"><strong><em>Kleiner Leckerbissen zum hungrig werden:<\/em><\/strong><\/span><\/p>\n<p>Heilbutt mit Sauce Hollandaise<\/p>\n<p>Zutaten: Heilbutt in Scheiben, Zitrone, Gew\u00fcrze, Salz u. Pfeffer, Mehl, Essig, Eier, Butter, Kartoffeln<\/p>\n<p>Heilbuttscheiben mit Zitronensaft, Salz und Pfeffer w\u00fcrzen, in Mehl wenden und in Butter auf beiden Seiten braten. W\u00e4hrenddessen 2 Eigelb mit 1 TL Essig, Salz, Pfeffer und 1 EL Wasser im Wasserbad aufschlagen, nach und nach 125 g zerlassene, nicht zu hei\u00dfe Butter unterschlagen, bis eine cremige Sauce entstanden ist.<\/p>\n<p>Zum Fisch empfehlen wir: Servieren Sie Salzkartoffeln.<\/p>\n<p><a href=\"http:\/\/usedom-forum.de\/wordpress\/restaurants\/\">Hier geht es zu den Restaurants&#8230;<\/a><\/p>\n","protected":false},"excerpt":{"rendered":"<p>Kleiner Leckerbissen zum hungrig werden: Heilbutt mit Sauce Hollandaise Zutaten: Heilbutt in Scheiben, Zitrone, Gew\u00fcrze, Salz u. Pfeffer, Mehl, Essig, Eier, Butter, Kartoffeln Heilbuttscheiben mit Zitronensaft, Salz und Pfeffer w\u00fcrzen, in Mehl wenden und in Butter auf beiden Seiten braten. W\u00e4hrenddessen 2 Eigelb mit 1 TL Essig, Salz, Pfeffer und 1 EL Wasser im Wasserbad aufschlagen, nach und nach 125 g zerlassene, nicht zu hei\u00dfe Butter unterschlagen, bis eine cremige Sauce entstanden ist. Zum Fisch empfehlen wir: Servieren Sie Salzkartoffeln. Hier geht es zu den Restaurants&#8230;<\/p>\n","protected":false},"author":2,"featured_media":0,"parent":0,"menu_order":0,"comment_status":"closed","ping_status":"closed","template":"","meta":{"jetpack_post_was_ever_published":false,"footnotes":""},"class_list":["post-285","page","type-page","status-publish","hentry"],"jetpack_sharing_enabled":false,"jetpack_shortlink":"https:\/\/wp.me\/P6zWqP-4B","_links":{"self":[{"href":"https:\/\/usedom-forum.de\/wordpress\/wp-json\/wp\/v2\/pages\/285","targetHints":{"allow":["GET"]}}],"collection":[{"href":"https:\/\/usedom-forum.de\/wordpress\/wp-json\/wp\/v2\/pages"}],"about":[{"href":"https:\/\/usedom-forum.de\/wordpress\/wp-json\/wp\/v2\/types\/page"}],"author":[{"embeddable":true,"href":"https:\/\/usedom-forum.de\/wordpress\/wp-json\/wp\/v2\/users\/2"}],"replies":[{"embeddable":true,"href":"https:\/\/usedom-forum.de\/wordpress\/wp-json\/wp\/v2\/comments?post=285"}],"version-history":[{"count":4,"href":"https:\/\/usedom-forum.de\/wordpress\/wp-json\/wp\/v2\/pages\/285\/revisions"}],"predecessor-version":[{"id":310,"href":"https:\/\/usedom-forum.de\/wordpress\/wp-json\/wp\/v2\/pages\/285\/revisions\/310"}],"wp:attachment":[{"href":"https:\/\/usedom-forum.de\/wordpress\/wp-json\/wp\/v2\/media?parent=285"}],"curies":[{"name":"wp","href":"https:\/\/api.w.org\/{rel}","templated":true}]}}