{"id":307,"date":"2015-10-21T11:00:33","date_gmt":"2015-10-21T09:00:33","guid":{"rendered":"http:\/\/usedom-forum.de\/wordpress\/?page_id=307"},"modified":"2020-09-15T09:55:03","modified_gmt":"2020-09-15T07:55:03","slug":"restaurants","status":"publish","type":"page","link":"https:\/\/usedom-forum.de\/wordpress\/restaurants\/","title":{"rendered":"Restaurants"},"content":{"rendered":"<p><strong>Uwes Fischerh\u00fctte &#8211; Ostseebad Ahlbeck &#8211; Insel Usedom<\/strong><br \/>\nStrandpromenade 12<br \/>\n17419 Seebad Ahlbeck<br \/>\nTelefon: 038378 28199<\/p>\n<p><strong>&#8222;Fischers Fritz&#8220; &#8211; Das Fischrestaurant<\/strong><br \/>\nD\u00fcnenstra\u00dfe 39<br \/>\n17419 Seebad Ahlbeck<br \/>\nTelefon: 038378 80705<\/p>\n<div>\n<p data-ved=\"0CAsQyxMoADADahUKEwi03pifsdPIAhWIFiwKHSClDsk\"><strong>Lutter &amp; Wegner<br \/>\n<\/strong>Kulmstra\u00dfe 3<br \/>\n17424 Heringsdorf<br \/>\nTelefon: 038378 22125<\/p>\n<div data-ved=\"0CAYQ3B0oADAAahUKEwi03pifsdPIAhWIFiwKHSClDsk\">\n<div data-md=\"1006\" data-ved=\"0CAoQkCkoAzADahUKEwi03pifsdPIAhWIFiwKHSClDsk\">\n<div>\n<p data-ved=\"0CAsQyxMoADADahUKEwi03pifsdPIAhWIFiwKHSClDsk\"><strong>Hotel &amp; Restaurant &#8222;SEE-ECK&#8220;<\/strong><br \/>\nSeestra\u00dfe 1<br \/>\n17424 Seebad Heringsdorf<br \/>\nTelefon: 038378 47180<\/p>\n<p><strong>Hotel &amp; Restaurant &#8222;Kaiser Wilhelm&#8220;<\/strong><br \/>\nStrandpromenade 26<br \/>\n17429 Seebad Bansin<br \/>\nTelefon: 038378 2420<\/p>\n<p><strong>Inselkrug Zirchow<\/strong><br \/>\nHauptstra\u00dfe 8<br \/>\n17419 Zirchow<br \/>\nTelefon: 038378 20316<\/p>\n<\/div>\n<\/div>\n<\/div>\n<\/div>\n","protected":false},"excerpt":{"rendered":"<p>Uwes Fischerh\u00fctte &#8211; Ostseebad Ahlbeck &#8211; Insel Usedom Strandpromenade 12 17419 Seebad Ahlbeck Telefon: 038378 28199 &#8222;Fischers Fritz&#8220; &#8211; Das Fischrestaurant D\u00fcnenstra\u00dfe 39 17419 Seebad Ahlbeck Telefon: 038378 80705 Lutter &amp; Wegner Kulmstra\u00dfe 3 17424 Heringsdorf Telefon: 038378 22125 Hotel &amp; Restaurant &#8222;SEE-ECK&#8220; Seestra\u00dfe 1 17424 Seebad Heringsdorf Telefon: 038378 47180 Hotel &amp; Restaurant &#8222;Kaiser Wilhelm&#8220; Strandpromenade 26 17429 Seebad Bansin Telefon: 038378 2420 Inselkrug Zirchow Hauptstra\u00dfe 8 17419 Zirchow Telefon: 038378 20316<\/p>\n","protected":false},"author":2,"featured_media":0,"parent":0,"menu_order":0,"comment_status":"closed","ping_status":"closed","template":"","meta":{"jetpack_post_was_ever_published":false,"footnotes":""},"class_list":["post-307","page","type-page","status-publish","hentry"],"jetpack_sharing_enabled":false,"jetpack_shortlink":"https:\/\/wp.me\/P6zWqP-4X","_links":{"self":[{"href":"https:\/\/usedom-forum.de\/wordpress\/wp-json\/wp\/v2\/pages\/307","targetHints":{"allow":["GET"]}}],"collection":[{"href":"https:\/\/usedom-forum.de\/wordpress\/wp-json\/wp\/v2\/pages"}],"about":[{"href":"https:\/\/usedom-forum.de\/wordpress\/wp-json\/wp\/v2\/types\/page"}],"author":[{"embeddable":true,"href":"https:\/\/usedom-forum.de\/wordpress\/wp-json\/wp\/v2\/users\/2"}],"replies":[{"embeddable":true,"href":"https:\/\/usedom-forum.de\/wordpress\/wp-json\/wp\/v2\/comments?post=307"}],"version-history":[{"count":5,"href":"https:\/\/usedom-forum.de\/wordpress\/wp-json\/wp\/v2\/pages\/307\/revisions"}],"predecessor-version":[{"id":1290,"href":"https:\/\/usedom-forum.de\/wordpress\/wp-json\/wp\/v2\/pages\/307\/revisions\/1290"}],"wp:attachment":[{"href":"https:\/\/usedom-forum.de\/wordpress\/wp-json\/wp\/v2\/media?parent=307"}],"curies":[{"name":"wp","href":"https:\/\/api.w.org\/{rel}","templated":true}]}}