{"id":318,"date":"2015-10-21T11:00:08","date_gmt":"2015-10-21T09:00:08","guid":{"rendered":"http:\/\/usedom-forum.de\/wordpress\/?page_id=318"},"modified":"2015-10-21T12:00:27","modified_gmt":"2015-10-21T10:00:27","slug":"die-inselkaeserei","status":"publish","type":"page","link":"https:\/\/usedom-forum.de\/wordpress\/die-inselkaeserei\/","title":{"rendered":"~ Die Inselk\u00e4serei"},"content":{"rendered":"<div>\n<p style=\"text-align: justify;\"><span style=\"text-decoration: underline;\"><strong>Haben Sie das gewusst???<\/strong><\/span><\/p>\n<p style=\"text-align: justify;\">Eigentlich stammt er aus dem Schwarzwald und hat in der Schweiz die Kunst des K\u00e4sens entdeckt- Steffen Schultze. 2001 hatte er in Welzin einen alten Bauernhof erworben um eine K\u00e4serei aufzubauen. Ostern 2003 ging der erste Usedomer K\u00e4se \u00fcber die Ladentheke. Mit den klassischen Handwerksmethoden produziert er in der zur K\u00e4serei umgebauten Scheune edlen K\u00e4se. Besucher sind in der Schauk\u00e4serei, des Einmann-Betriebs, herzlich Willkommen und k\u00f6nnen direkt vor Ort verschiedene K\u00e4sesorten verkosten und kaufen. Neben dem direkten Hofverkauf, werden auch Gesch\u00e4fte, Restaurants und Hotels auf Usedom beliefert.<\/p>\n<p style=\"text-align: justify;\">Also wenn das Wetter Sie, als Urlauber, mal nicht an den Ostseestrand treibt oder sie gar neugierig geworden sind, dann schauen Sie doch mal in Welzin in der Inselk\u00e4serei Usedom mit Schauk\u00e4serei und Verkostung vorbei.<\/p>\n<p style=\"text-align: justify;\">ES LOHNT SICH!<\/p>\n<p style=\"text-align: justify;\"><img data-recalc-dims=\"1\" loading=\"lazy\" decoding=\"async\" src=\"https:\/\/i0.wp.com\/www.usedom-forum.de\/images\/inselkaese.png?resize=250%2C188\" alt=\"Inselk\u00e4serei\" width=\"250\" height=\"188\" border=\"0\" \/>\u00a0\u00a0\u00a0\u00a0\u00a0\u00a0\u00a0 <img data-recalc-dims=\"1\" loading=\"lazy\" decoding=\"async\" src=\"https:\/\/i0.wp.com\/www.usedom-forum.de\/images\/inselkaese1.png?resize=250%2C188\" alt=\"Inselk\u00e4serei\" width=\"250\" height=\"188\" border=\"0\" \/><\/p>\n<p style=\"text-align: justify;\">Weiterf\u00fchrende Links: <a href=\"http:\/\/www.inselkaeserei.de\/\" target=\"_blank\">Die Inselk\u00e4serei<\/a><\/p>\n<\/div>\n","protected":false},"excerpt":{"rendered":"<p>Haben Sie das gewusst??? Eigentlich stammt er aus dem Schwarzwald und hat in der Schweiz die Kunst des K\u00e4sens entdeckt- Steffen Schultze. 2001 hatte er in Welzin einen alten Bauernhof erworben um eine K\u00e4serei aufzubauen. Ostern 2003 ging der erste Usedomer K\u00e4se \u00fcber die Ladentheke. Mit den klassischen Handwerksmethoden produziert er in der zur K\u00e4serei umgebauten Scheune edlen K\u00e4se. Besucher sind in der Schauk\u00e4serei, des Einmann-Betriebs, herzlich Willkommen und k\u00f6nnen direkt vor Ort verschiedene K\u00e4sesorten verkosten und kaufen. Neben dem direkten Hofverkauf, werden auch Gesch\u00e4fte, Restaurants und Hotels auf Usedom beliefert. Also wenn das Wetter Sie, als Urlauber, mal nicht an den Ostseestrand treibt oder sie gar neugierig geworden sind, dann schauen Sie doch mal in Welzin in der Inselk\u00e4serei Usedom mit Schauk\u00e4serei und Verkostung vorbei. ES LOHNT SICH! \u00a0\u00a0\u00a0\u00a0\u00a0\u00a0\u00a0 Weiterf\u00fchrende Links: Die Inselk\u00e4serei<\/p>\n","protected":false},"author":2,"featured_media":0,"parent":0,"menu_order":0,"comment_status":"closed","ping_status":"closed","template":"","meta":{"jetpack_post_was_ever_published":false,"footnotes":""},"class_list":["post-318","page","type-page","status-publish","hentry"],"jetpack_sharing_enabled":false,"jetpack_shortlink":"https:\/\/wp.me\/P6zWqP-58","_links":{"self":[{"href":"https:\/\/usedom-forum.de\/wordpress\/wp-json\/wp\/v2\/pages\/318","targetHints":{"allow":["GET"]}}],"collection":[{"href":"https:\/\/usedom-forum.de\/wordpress\/wp-json\/wp\/v2\/pages"}],"about":[{"href":"https:\/\/usedom-forum.de\/wordpress\/wp-json\/wp\/v2\/types\/page"}],"author":[{"embeddable":true,"href":"https:\/\/usedom-forum.de\/wordpress\/wp-json\/wp\/v2\/users\/2"}],"replies":[{"embeddable":true,"href":"https:\/\/usedom-forum.de\/wordpress\/wp-json\/wp\/v2\/comments?post=318"}],"version-history":[{"count":2,"href":"https:\/\/usedom-forum.de\/wordpress\/wp-json\/wp\/v2\/pages\/318\/revisions"}],"predecessor-version":[{"id":320,"href":"https:\/\/usedom-forum.de\/wordpress\/wp-json\/wp\/v2\/pages\/318\/revisions\/320"}],"wp:attachment":[{"href":"https:\/\/usedom-forum.de\/wordpress\/wp-json\/wp\/v2\/media?parent=318"}],"curies":[{"name":"wp","href":"https:\/\/api.w.org\/{rel}","templated":true}]}}