{"id":325,"date":"2015-10-21T11:00:36","date_gmt":"2015-10-21T09:00:36","guid":{"rendered":"http:\/\/usedom-forum.de\/wordpress\/?page_id=325"},"modified":"2015-10-21T14:52:07","modified_gmt":"2015-10-21T12:52:07","slug":"sehenswertes-auf-usedom","status":"publish","type":"page","link":"https:\/\/usedom-forum.de\/wordpress\/sehenswertes-auf-usedom\/","title":{"rendered":"~ Sehenswertes auf Usedom"},"content":{"rendered":"<p style=\"text-align: center;\"><strong>Museen &amp; Mehr<\/strong><\/p>\n<p style=\"text-align: justify;\"><strong>Historisch-Technisches Informationszentrum<\/strong><br \/>\nIm Kraftwerk<br \/>\n17449 Peenem\u00fcnde<br \/>\nTelefon: 038371\/ 5050<br \/>\nInternet: <a href=\"http:\/\/www.peenemuende.de\/\" target=\"_blank\">www.peenemuende.de<\/a><\/p>\n<p><strong>Kunst-Kabinett Usedom<\/strong><br \/>\nGalerie in Benz<br \/>\nKirchstra\u00dfe 14 a<br \/>\n17429 Benz<br \/>\nTelefon: 038379\/ 20184<br \/>\nInternet: <a href=\"http:\/\/www.kunstkabinett.de\/\" target=\"_blank\">www.kunstkabinett.de<\/a><\/p>\n<p><strong>Muschelmuseum<\/strong><br \/>\nStrandpromenade 1<br \/>\n17424 Seebad Heringsdorf<br \/>\nTelefon: 038378\/ 32579<\/p>\n<p><strong>Atelier Otto Niemeyer-Holstein<\/strong><br \/>\nL\u00fcttenort<br \/>\n17459 Ostseebad Koserow<br \/>\nTelefon: 038375\/ 20213<br \/>\nInternet: <a href=\"http:\/\/www.atelier-otto-niemeyer-holstein.de\/\" target=\"_blank\">www.atelier-otto-niemeyer-holstein.de<\/a><\/p>\n<p><strong>Koserower Salzh\u00fctten<\/strong><br \/>\nAm Strand bei den Fischern<br \/>\n17454 Seebad Koserow<br \/>\nTel. 038375\/ 20680<br \/>\nInternet: <a href=\"http:\/\/www.koserower-salzhuette.de\/\" target=\"_blank\">www.koserower-salzhuetten.de<\/a><\/p>\n<p><strong>Zweiradmuseum Dargen<\/strong><br \/>\nBahnhofstra\u00dfe 7<br \/>\n17419 Dargen<br \/>\nTelefon: 038376\/ 20290<br \/>\nInternet: <a href=\"http:\/\/www.museumdargen.de\/\" target=\"_blank\">www.museumdargen.de<\/a><\/p>\n<p><strong>Mellenthiner Wasserschlo\u00df<\/strong><br \/>\nDorfstra\u00dfe 25<br \/>\n17429 Mellenthin<br \/>\nTelefon: 038379\/ 28780<br \/>\nInternet: <a href=\"http:\/\/www.wasserschloss-mellenthin.de\/\" target=\"_blank\">www.wasserschloss-mellenthin.de<\/a><\/p>\n<p><strong>Holl\u00e4nder-M\u00fchle<\/strong><br \/>\nLab\u00f6mitzer Stra\u00dfe 6e<br \/>\n17429 Benz<br \/>\nTelefon: 0172\/ 9096974<br \/>\nInternet: <a href=\"http:\/\/www.muehle-benz.de\/muehle_benz\/Willkommen.html\" target=\"_blank\">www.muehle-benz.de<\/a><\/p>\n<p><strong>Historische Gesellschaft zu Heringsdorf<\/strong><br \/>\n<strong>Villa Irmgard<\/strong><br \/>\nMaxim-Gorki-Stra\u00dfe 13<br \/>\n17424 Heringsdorf<br \/>\nTel. 038378\/ 22361<\/p>\n<p><strong>Lieper Kirche &#8211; <\/strong>in Liepe<\/p>\n<p><strong>Golm &#8211;\u00a0 <\/strong>in Kamminke<\/p>\n","protected":false},"excerpt":{"rendered":"<p>Museen &amp; Mehr Historisch-Technisches Informationszentrum Im Kraftwerk 17449 Peenem\u00fcnde Telefon: 038371\/ 5050 Internet: www.peenemuende.de Kunst-Kabinett Usedom Galerie in Benz Kirchstra\u00dfe 14 a 17429 Benz Telefon: 038379\/ 20184 Internet: www.kunstkabinett.de Muschelmuseum Strandpromenade 1 17424 Seebad Heringsdorf Telefon: 038378\/ 32579 Atelier Otto Niemeyer-Holstein L\u00fcttenort 17459 Ostseebad Koserow Telefon: 038375\/ 20213 Internet: www.atelier-otto-niemeyer-holstein.de Koserower Salzh\u00fctten Am Strand bei den Fischern 17454 Seebad Koserow Tel. 038375\/ 20680 Internet: www.koserower-salzhuetten.de Zweiradmuseum Dargen Bahnhofstra\u00dfe 7 17419 Dargen Telefon: 038376\/ 20290 Internet: www.museumdargen.de Mellenthiner Wasserschlo\u00df Dorfstra\u00dfe 25 17429 Mellenthin Telefon: 038379\/ 28780 Internet: www.wasserschloss-mellenthin.de Holl\u00e4nder-M\u00fchle Lab\u00f6mitzer Stra\u00dfe 6e 17429 Benz Telefon: 0172\/ 9096974 Internet: www.muehle-benz.de Historische Gesellschaft zu Heringsdorf Villa Irmgard Maxim-Gorki-Stra\u00dfe 13 17424 Heringsdorf Tel. 038378\/ 22361 Lieper Kirche &#8211; in Liepe Golm &#8211;\u00a0 in Kamminke<\/p>\n","protected":false},"author":2,"featured_media":0,"parent":0,"menu_order":0,"comment_status":"closed","ping_status":"closed","template":"","meta":{"jetpack_post_was_ever_published":false,"footnotes":""},"class_list":["post-325","page","type-page","status-publish","hentry"],"jetpack_sharing_enabled":false,"jetpack_shortlink":"https:\/\/wp.me\/P6zWqP-5f","_links":{"self":[{"href":"https:\/\/usedom-forum.de\/wordpress\/wp-json\/wp\/v2\/pages\/325","targetHints":{"allow":["GET"]}}],"collection":[{"href":"https:\/\/usedom-forum.de\/wordpress\/wp-json\/wp\/v2\/pages"}],"about":[{"href":"https:\/\/usedom-forum.de\/wordpress\/wp-json\/wp\/v2\/types\/page"}],"author":[{"embeddable":true,"href":"https:\/\/usedom-forum.de\/wordpress\/wp-json\/wp\/v2\/users\/2"}],"replies":[{"embeddable":true,"href":"https:\/\/usedom-forum.de\/wordpress\/wp-json\/wp\/v2\/comments?post=325"}],"version-history":[{"count":3,"href":"https:\/\/usedom-forum.de\/wordpress\/wp-json\/wp\/v2\/pages\/325\/revisions"}],"predecessor-version":[{"id":328,"href":"https:\/\/usedom-forum.de\/wordpress\/wp-json\/wp\/v2\/pages\/325\/revisions\/328"}],"wp:attachment":[{"href":"https:\/\/usedom-forum.de\/wordpress\/wp-json\/wp\/v2\/media?parent=325"}],"curies":[{"name":"wp","href":"https:\/\/api.w.org\/{rel}","templated":true}]}}