{"id":462,"date":"2015-10-21T11:00:50","date_gmt":"2015-10-21T09:00:50","guid":{"rendered":"http:\/\/usedom-forum.de\/wordpress\/?page_id=462"},"modified":"2017-08-13T21:23:39","modified_gmt":"2017-08-13T19:23:39","slug":"home","status":"publish","type":"page","link":"https:\/\/usedom-forum.de\/wordpress\/","title":{"rendered":"Herzlich Willkommen &#8230;"},"content":{"rendered":"<p style=\"text-align: justify;\">&#8230; auf der Seite von USEDOM-FORUM<\/p>\n<p style=\"text-align: justify;\"><strong>www.Usedom-Forum.de<\/strong> ist gemacht auf der Insel Usedom und f\u00fcr alle, die diese Insel lieben.<\/p>\n<p style=\"text-align: justify;\">Wir wollen einheimischen Vermietern, Firmen und Gewerbetreibenden die M\u00f6glichkeit bieten, sich hier im Internet zu pr\u00e4sentieren.<\/p>\n<p style=\"text-align: justify;\"><strong>Machen Sie mit! <\/strong>Sprechen Sie uns an wir beraten Sie gern und stellen Ihnen ein f\u00fcr Sie zugeschnittenes Angebot zusammen. Wir freuen uns auf die Zusammenarbeit mit Ihnen.<\/p>\n<p style=\"text-align: justify;\">Nutzen Sie <strong>www.usedom-forum.de<\/strong> als Ihre Werbeplattform.<\/p>\n<p style=\"text-align: right;\"><strong>Kontakt:<\/strong><br \/>\nWebmaster Usedom-Forum.de<br \/>\nFriedrich-Schiller-Stra\u00dfe 22<br \/>\n17419 Seebad Ahlbeck \/ Insel Usedom<br \/>\nTel. +49 ( 38378 ) 28971<br \/>\nFax. +49 ( 38378 ) 28973<br \/>\n<a href=\"http:\/\/www.usedom-forum.de\/\" target=\"_blank\" rel=\"noopener\">www.usedom-forum.de<\/a><\/p>\n","protected":false},"excerpt":{"rendered":"<p>&#8230; auf der Seite von USEDOM-FORUM www.Usedom-Forum.de ist gemacht auf der Insel Usedom und f\u00fcr alle, die diese Insel lieben. Wir wollen einheimischen Vermietern, Firmen und Gewerbetreibenden die M\u00f6glichkeit bieten, sich hier im Internet zu pr\u00e4sentieren. Machen Sie mit! Sprechen Sie uns an wir beraten Sie gern und stellen Ihnen ein f\u00fcr Sie zugeschnittenes Angebot zusammen. Wir freuen uns auf die Zusammenarbeit mit Ihnen. Nutzen Sie www.usedom-forum.de als Ihre Werbeplattform. Kontakt: Webmaster Usedom-Forum.de Friedrich-Schiller-Stra\u00dfe 22 17419 Seebad Ahlbeck \/ Insel Usedom Tel. +49 ( 38378 ) 28971 Fax. +49 ( 38378 ) 28973 www.usedom-forum.de<\/p>\n","protected":false},"author":2,"featured_media":0,"parent":0,"menu_order":0,"comment_status":"closed","ping_status":"closed","template":"","meta":{"jetpack_post_was_ever_published":false,"footnotes":""},"class_list":["post-462","page","type-page","status-publish","hentry"],"jetpack_sharing_enabled":false,"jetpack_shortlink":"https:\/\/wp.me\/P6zWqP-7s","_links":{"self":[{"href":"https:\/\/usedom-forum.de\/wordpress\/wp-json\/wp\/v2\/pages\/462","targetHints":{"allow":["GET"]}}],"collection":[{"href":"https:\/\/usedom-forum.de\/wordpress\/wp-json\/wp\/v2\/pages"}],"about":[{"href":"https:\/\/usedom-forum.de\/wordpress\/wp-json\/wp\/v2\/types\/page"}],"author":[{"embeddable":true,"href":"https:\/\/usedom-forum.de\/wordpress\/wp-json\/wp\/v2\/users\/2"}],"replies":[{"embeddable":true,"href":"https:\/\/usedom-forum.de\/wordpress\/wp-json\/wp\/v2\/comments?post=462"}],"version-history":[{"count":4,"href":"https:\/\/usedom-forum.de\/wordpress\/wp-json\/wp\/v2\/pages\/462\/revisions"}],"predecessor-version":[{"id":1164,"href":"https:\/\/usedom-forum.de\/wordpress\/wp-json\/wp\/v2\/pages\/462\/revisions\/1164"}],"wp:attachment":[{"href":"https:\/\/usedom-forum.de\/wordpress\/wp-json\/wp\/v2\/media?parent=462"}],"curies":[{"name":"wp","href":"https:\/\/api.w.org\/{rel}","templated":true}]}}