{"id":578,"date":"2015-10-21T11:00:05","date_gmt":"2015-10-21T09:00:05","guid":{"rendered":"http:\/\/usedom-forum.de\/wordpress\/?page_id=578"},"modified":"2018-05-22T19:22:03","modified_gmt":"2018-05-22T17:22:03","slug":"malerhus","status":"publish","type":"page","link":"https:\/\/usedom-forum.de\/wordpress\/malerhus\/","title":{"rendered":"&#8222;Malerhus&#8220;"},"content":{"rendered":"<p><img data-recalc-dims=\"1\" loading=\"lazy\" decoding=\"async\" class=\"alignnone wp-image-1082 size-full\" src=\"https:\/\/i0.wp.com\/usedom-forum.de\/wordpress\/wp-content\/uploads\/2015\/10\/Malerhus_neu1.jpg?resize=960%2C542\" width=\"960\" height=\"542\" srcset=\"https:\/\/i0.wp.com\/usedom-forum.de\/wordpress\/wp-content\/uploads\/2015\/10\/Malerhus_neu1.jpg?w=1345&amp;ssl=1 1345w, https:\/\/i0.wp.com\/usedom-forum.de\/wordpress\/wp-content\/uploads\/2015\/10\/Malerhus_neu1.jpg?resize=300%2C170&amp;ssl=1 300w, https:\/\/i0.wp.com\/usedom-forum.de\/wordpress\/wp-content\/uploads\/2015\/10\/Malerhus_neu1.jpg?resize=768%2C434&amp;ssl=1 768w, https:\/\/i0.wp.com\/usedom-forum.de\/wordpress\/wp-content\/uploads\/2015\/10\/Malerhus_neu1.jpg?resize=1024%2C579&amp;ssl=1 1024w\" sizes=\"auto, (max-width: 960px) 100vw, 960px\" \/><\/p>\n<p style=\"text-align: justify;\"><strong>Appartementhotel &#8222;Malerhus&#8220;, K\u00f6lpin auf Usedom<\/strong><\/p>\n<p style=\"text-align: justify;\">Appartementhotel &#8222;Malerhus&#8220;, K\u00f6lpin auf Usedom Herzlich Willkommen im &#8222;Malerhus&#8220; der Familie Hannemann. Verleben Sie einen erholsamen Urlaub auf unserem idyllisch gelegenen Wassergrundst\u00fcck am Peenestrom im S\u00fcd-Westen der Insel Usedom. Abseits von Massentourismus und \u00f6ffentlichen Stra\u00dfen, erleben und entdecken Sie die Natur und reizvolle Landschaft der Insel.<\/p>\n<p><img data-recalc-dims=\"1\" loading=\"lazy\" decoding=\"async\" class=\"alignnone wp-image-1056 size-large\" src=\"https:\/\/i0.wp.com\/usedom-forum.de\/wordpress\/wp-content\/uploads\/2015\/10\/LR_IMG_C_4020-Pano.jpg?resize=640%2C239\" alt=\"LR_IMG_C_4020-Pano\" width=\"640\" height=\"239\" srcset=\"https:\/\/i0.wp.com\/usedom-forum.de\/wordpress\/wp-content\/uploads\/2015\/10\/LR_IMG_C_4020-Pano.jpg?resize=1024%2C382&amp;ssl=1 1024w, https:\/\/i0.wp.com\/usedom-forum.de\/wordpress\/wp-content\/uploads\/2015\/10\/LR_IMG_C_4020-Pano.jpg?resize=300%2C112&amp;ssl=1 300w, https:\/\/i0.wp.com\/usedom-forum.de\/wordpress\/wp-content\/uploads\/2015\/10\/LR_IMG_C_4020-Pano.jpg?resize=768%2C287&amp;ssl=1 768w, https:\/\/i0.wp.com\/usedom-forum.de\/wordpress\/wp-content\/uploads\/2015\/10\/LR_IMG_C_4020-Pano.jpg?w=1339&amp;ssl=1 1339w\" sizes=\"auto, (max-width: 640px) 100vw, 640px\" \/><\/p>\n<p><img data-recalc-dims=\"1\" loading=\"lazy\" decoding=\"async\" class=\"alignnone wp-image-1057 size-large\" src=\"https:\/\/i0.wp.com\/usedom-forum.de\/wordpress\/wp-content\/uploads\/2015\/10\/LR_IMG_C_4062-Pano.jpg?resize=640%2C298\" alt=\"LR_IMG_C_4062-Pano\" width=\"640\" height=\"298\" srcset=\"https:\/\/i0.wp.com\/usedom-forum.de\/wordpress\/wp-content\/uploads\/2015\/10\/LR_IMG_C_4062-Pano.jpg?resize=1024%2C476&amp;ssl=1 1024w, https:\/\/i0.wp.com\/usedom-forum.de\/wordpress\/wp-content\/uploads\/2015\/10\/LR_IMG_C_4062-Pano.jpg?resize=300%2C140&amp;ssl=1 300w, https:\/\/i0.wp.com\/usedom-forum.de\/wordpress\/wp-content\/uploads\/2015\/10\/LR_IMG_C_4062-Pano.jpg?resize=768%2C357&amp;ssl=1 768w, https:\/\/i0.wp.com\/usedom-forum.de\/wordpress\/wp-content\/uploads\/2015\/10\/LR_IMG_C_4062-Pano.jpg?w=1075&amp;ssl=1 1075w\" sizes=\"auto, (max-width: 640px) 100vw, 640px\" \/><\/p>\n<p style=\"text-align: justify;\">Auf dem gro\u00dfen Wassergrundst\u00fcck mit eigenem Yachthafen und Slipanlage befinden sich Liegewiese, Grillpl\u00e4tze und Parkm\u00f6glichkeiten.<\/p>\n<p><img data-recalc-dims=\"1\" loading=\"lazy\" decoding=\"async\" src=\"https:\/\/i0.wp.com\/usedom-forum.de\/images\/M_anleger.jpg?resize=250%2C188\" alt=\"Anleger\" width=\"250\" height=\"188\" border=\"0\" \/><\/p>\n<p style=\"text-align: justify;\">Eigene Segel- und Motorboote k\u00f6nnen mitgebracht werden. Bootsfahrten und Wasserski sind gegen geringe Geb\u00fchr m\u00f6glich. Motorboot kann ausgeliehen werden. Ruderboote stehen kostenlos zur Verf\u00fcgung. Es bieten sich ideale M\u00f6glichkeiten f\u00fcr Angler und Wassersportler.<\/p>\n<p><img data-recalc-dims=\"1\" loading=\"lazy\" decoding=\"async\" src=\"https:\/\/i0.wp.com\/usedom-forum.de\/images\/M_garten4.jpg?resize=250%2C188\" alt=\"Garten\" width=\"250\" height=\"188\" border=\"0\" \/><\/p>\n<p style=\"text-align: justify;\">Die komplett neu umgebauten Wohnungen liegen direkt am Wasser mit Seeblick und Terrasse und sind komfortabel mit Pantryk\u00fcche, Dusche\/WC, TV und Radio ausgestattet. Eine Waschmaschine steht f\u00fcr alle Ferienwohnungen zur Verf\u00fcgung.<\/p>\n<p><img data-recalc-dims=\"1\" loading=\"lazy\" decoding=\"async\" src=\"https:\/\/i0.wp.com\/usedom-forum.de\/images\/M_fewo1.jpg?resize=250%2C188\" alt=\"Wohnungsausstattung\" width=\"250\" height=\"188\" border=\"0\" \/><\/p>\n<p style=\"text-align: justify;\">Ausstattung des Objekts: Bootssteg, Bootsverleih, Sauna \/ Dampfbad, familienfreundlich, Fr\u00fchst\u00fcck m\u00f6glich, W\u00e4scheservice, Wassersportangebote.<\/p>\n<p><img data-recalc-dims=\"1\" loading=\"lazy\" decoding=\"async\" src=\"https:\/\/i0.wp.com\/usedom-forum.de\/images\/M_.jpg?resize=250%2C188\" alt=\"Wohnungsausstattung\" width=\"250\" height=\"188\" border=\"0\" \/><\/p>\n<p>____________________________________________<br \/>\n<strong>Appartementhotel &#8222;Malerhus&#8220;<\/strong><br \/>\nThomas Hannemann<br \/>\nDorfstra\u00dfe 6<br \/>\n17406 K\u00f6lpin \/ Insel Usedom<br \/>\nBuchungsanfragen: 0162\/ 695 7589<br \/>\nE-Mail: info[at]fewo-hannemann.de\u00a0 (Bitte kopieren Sie die Adresse und ersetzen das [at] durch ein @.)<br \/>\nWeb: <a href=\"http:\/\/www.fewo-hannemann.de\/\" target=\"_blank\" rel=\"noopener\">www.fewo-hannemann.de<\/a><\/p>\n","protected":false},"excerpt":{"rendered":"<p>Appartementhotel &#8222;Malerhus&#8220;, K\u00f6lpin auf Usedom Appartementhotel &#8222;Malerhus&#8220;, K\u00f6lpin auf Usedom Herzlich Willkommen im &#8222;Malerhus&#8220; der Familie Hannemann. Verleben Sie einen erholsamen Urlaub auf unserem idyllisch gelegenen Wassergrundst\u00fcck am Peenestrom im S\u00fcd-Westen der Insel Usedom. Abseits von Massentourismus und \u00f6ffentlichen Stra\u00dfen, erleben und entdecken Sie die Natur und reizvolle Landschaft der Insel. Auf dem gro\u00dfen Wassergrundst\u00fcck mit eigenem Yachthafen und Slipanlage befinden sich Liegewiese, Grillpl\u00e4tze und Parkm\u00f6glichkeiten. Eigene Segel- und Motorboote k\u00f6nnen mitgebracht werden. Bootsfahrten und Wasserski sind gegen geringe Geb\u00fchr m\u00f6glich. Motorboot kann ausgeliehen werden. Ruderboote stehen kostenlos zur Verf\u00fcgung. Es bieten sich ideale M\u00f6glichkeiten f\u00fcr Angler und Wassersportler. Die komplett neu umgebauten Wohnungen liegen direkt am Wasser mit Seeblick und Terrasse und sind komfortabel mit Pantryk\u00fcche, Dusche\/WC, TV und Radio ausgestattet. Eine Waschmaschine steht f\u00fcr alle Ferienwohnungen zur Verf\u00fcgung. Ausstattung des Objekts: Bootssteg, Bootsverleih, Sauna \/ Dampfbad, familienfreundlich, Fr\u00fchst\u00fcck m\u00f6glich, W\u00e4scheservice, Wassersportangebote. ____________________________________________ Appartementhotel &#8222;Malerhus&#8220; Thomas Hannemann Dorfstra\u00dfe 6 17406 K\u00f6lpin \/ Insel Usedom Buchungsanfragen: 0162\/ 695 7589 E-Mail: info[at]fewo-hannemann.de\u00a0 (Bitte kopieren Sie die Adresse und ersetzen das [at] durch ein @.) Web: www.fewo-hannemann.de<\/p>\n","protected":false},"author":2,"featured_media":0,"parent":0,"menu_order":0,"comment_status":"closed","ping_status":"closed","template":"","meta":{"jetpack_post_was_ever_published":false,"footnotes":""},"class_list":["post-578","page","type-page","status-publish","hentry"],"jetpack_sharing_enabled":false,"jetpack_shortlink":"https:\/\/wp.me\/P6zWqP-9k","_links":{"self":[{"href":"https:\/\/usedom-forum.de\/wordpress\/wp-json\/wp\/v2\/pages\/578","targetHints":{"allow":["GET"]}}],"collection":[{"href":"https:\/\/usedom-forum.de\/wordpress\/wp-json\/wp\/v2\/pages"}],"about":[{"href":"https:\/\/usedom-forum.de\/wordpress\/wp-json\/wp\/v2\/types\/page"}],"author":[{"embeddable":true,"href":"https:\/\/usedom-forum.de\/wordpress\/wp-json\/wp\/v2\/users\/2"}],"replies":[{"embeddable":true,"href":"https:\/\/usedom-forum.de\/wordpress\/wp-json\/wp\/v2\/comments?post=578"}],"version-history":[{"count":5,"href":"https:\/\/usedom-forum.de\/wordpress\/wp-json\/wp\/v2\/pages\/578\/revisions"}],"predecessor-version":[{"id":1234,"href":"https:\/\/usedom-forum.de\/wordpress\/wp-json\/wp\/v2\/pages\/578\/revisions\/1234"}],"wp:attachment":[{"href":"https:\/\/usedom-forum.de\/wordpress\/wp-json\/wp\/v2\/media?parent=578"}],"curies":[{"name":"wp","href":"https:\/\/api.w.org\/{rel}","templated":true}]}}